{"id":50171,"date":"2020-02-13T09:26:32","date_gmt":"2020-02-13T09:26:32","guid":{"rendered":"https:\/\/hunting.be\/yacht\/armes\/entretien-des-armes\/"},"modified":"2025-11-12T15:08:30","modified_gmt":"2025-11-12T15:08:30","slug":"entretien-des-armes","status":"publish","type":"page","link":"https:\/\/hunting.be\/fr\/yacht\/armes\/entretien-des-armes\/","title":{"rendered":"Entretien des armes"},"content":{"rendered":"[vc_row type=\u00a0\u00bbfull_width_background\u00a0\u00bb full_screen_row_position=\u00a0\u00bbmiddle\u00a0\u00bb equal_height=\u00a0\u00bbyes\u00a0\u00bb column_margin=\u00a0\u00bbdefault\u00a0\u00bb bg_image=\u00a0\u00bb8163&Prime; bg_position=\u00a0\u00bbcenter top\u00a0\u00bb bg_repeat=\u00a0\u00bbno-repeat\u00a0\u00bb scene_position=\u00a0\u00bbcenter\u00a0\u00bb text_color=\u00a0\u00bbdark\u00a0\u00bb text_align=\u00a0\u00bbleft\u00a0\u00bb top_padding=\u00a0\u00bb12%\u00a0\u00bb bottom_padding=\u00a0\u00bb13%\u00a0\u00bb class=\u00a0\u00bbtxt-white\u00a0\u00bb enable_gradient=\u00a0\u00bbtrue\u00a0\u00bb color_overlay=\u00a0\u00bbrgba(3,71,42,0.5)\u00a0\u00bb color_overlay_2=\u00a0\u00bbrgba(3,71,42,0.6)\u00a0\u00bb gradient_direction=\u00a0\u00bbleft_to_right\u00a0\u00bb overlay_strength=\u00a0\u00bb0.5&Prime; enable_shape_divider=\u00a0\u00bbtrue\u00a0\u00bb shape_divider_position=\u00a0\u00bbbottom\u00a0\u00bb shape_divider_height=\u00a0\u00bb75&Prime; bg_image_animation=\u00a0\u00bbfade-in\u00a0\u00bb parallax_bg=\u00a0\u00bbtrue\u00a0\u00bb parallax_bg_speed=\u00a0\u00bbslow\u00a0\u00bb shape_type=\u00a0\u00bbtriangle\u00a0\u00bb][vc_column centered_text=\u00a0\u00bbtrue\u00a0\u00bb column_padding=\u00a0\u00bbno-extra-padding\u00a0\u00bb column_padding_position=\u00a0\u00bball\u00a0\u00bb background_color_opacity=\u00a0\u00bb1&Prime; background_hover_color_opacity=\u00a0\u00bb1&Prime; column_link_target=\u00a0\u00bb_self\u00a0\u00bb column_shadow=\u00a0\u00bbnone\u00a0\u00bb column_border_radius=\u00a0\u00bbnone\u00a0\u00bb width=\u00a0\u00bb1\/1&Prime; tablet_width_inherit=\u00a0\u00bbdefault\u00a0\u00bb tablet_text_alignment=\u00a0\u00bbdefault\u00a0\u00bb phone_text_alignment=\u00a0\u00bbdefault\u00a0\u00bb overlay_strength=\u00a0\u00bb0.3&Prime; column_border_width=\u00a0\u00bbnone\u00a0\u00bb column_border_style=\u00a0\u00bbsolid\u00a0\u00bb bg_image_animation=\u00a0\u00bbnone\u00a0\u00bb][split_line_heading animation_type=\u00a0\u00bbdefault\u00a0\u00bb]\n<h2>Armes \u2013 Pistolets d\u2019entretien<\/h2>\n[\/split_line_heading][nectar_animated_title heading_tag=\u00a0\u00bbh3&Prime; style=\u00a0\u00bbcolor-strip-reveal\u00a0\u00bb color=\u00a0\u00bbAccent-Color\u00a0\u00bb text=\u00a0\u00bbTout sur l\u2019entretien de votre fusil de chasse.\u00a0\u00bb][\/vc_column][\/vc_row][vc_row type=\u00a0\u00bbin_container\u00a0\u00bb full_screen_row_position=\u00a0\u00bbmiddle\u00a0\u00bb column_margin=\u00a0\u00bbdefault\u00a0\u00bb scene_position=\u00a0\u00bbcenter\u00a0\u00bb text_color=\u00a0\u00bbdark\u00a0\u00bb text_align=\u00a0\u00bbleft\u00a0\u00bb overlay_strength=\u00a0\u00bb0.3&Prime; shape_divider_position=\u00a0\u00bbbottom\u00a0\u00bb bg_image_animation=\u00a0\u00bbnone\u00a0\u00bb][vc_column column_padding=\u00a0\u00bbno-extra-padding\u00a0\u00bb column_padding_position=\u00a0\u00bball\u00a0\u00bb background_color_opacity=\u00a0\u00bb1&Prime; background_hover_color_opacity=\u00a0\u00bb1&Prime; column_link_target=\u00a0\u00bb_self\u00a0\u00bb column_shadow=\u00a0\u00bbnone\u00a0\u00bb column_border_radius=\u00a0\u00bbnone\u00a0\u00bb width=\u00a0\u00bb1\/1&Prime; tablet_width_inherit=\u00a0\u00bbdefault\u00a0\u00bb tablet_text_alignment=\u00a0\u00bbdefault\u00a0\u00bb phone_text_alignment=\u00a0\u00bbdefault\u00a0\u00bb overlay_strength=\u00a0\u00bb0.3&Prime; column_border_width=\u00a0\u00bbnone\u00a0\u00bb column_border_style=\u00a0\u00bbsolid\u00a0\u00bb bg_image_animation=\u00a0\u00bbnone\u00a0\u00bb][divider line_type=\u00a0\u00bbNo Line\u00a0\u00bb custom_height=\u00a0\u00bb50&Prime;][split_line_heading animation_type=\u00a0\u00bbdefault\u00a0\u00bb]\n<h2 class=\"storytitle\">Entretien des armes<\/h2>\n[\/split_line_heading][\/vc_column][\/vc_row][vc_row type=\u00a0\u00bbin_container\u00a0\u00bb full_screen_row_position=\u00a0\u00bbmiddle\u00a0\u00bb column_margin=\u00a0\u00bb90px\u00a0\u00bb scene_position=\u00a0\u00bbcenter\u00a0\u00bb text_color=\u00a0\u00bbdark\u00a0\u00bb text_align=\u00a0\u00bbleft\u00a0\u00bb overlay_strength=\u00a0\u00bb0.3&Prime; shape_divider_position=\u00a0\u00bbbottom\u00a0\u00bb bg_image_animation=\u00a0\u00bbnone\u00a0\u00bb shape_type=\u00a0\u00bb\u00a0\u00bb][vc_column column_padding=\u00a0\u00bbno-extra-padding\u00a0\u00bb column_padding_position=\u00a0\u00bball\u00a0\u00bb background_color_opacity=\u00a0\u00bb1&Prime; background_hover_color_opacity=\u00a0\u00bb1&Prime; column_link_target=\u00a0\u00bb_self\u00a0\u00bb column_shadow=\u00a0\u00bbnone\u00a0\u00bb column_border_radius=\u00a0\u00bbnone\u00a0\u00bb width=\u00a0\u00bb2\/3&Prime; tablet_width_inherit=\u00a0\u00bbdefault\u00a0\u00bb tablet_text_alignment=\u00a0\u00bbdefault\u00a0\u00bb phone_text_alignment=\u00a0\u00bbdefault\u00a0\u00bb overlay_strength=\u00a0\u00bb0.3&Prime; column_border_width=\u00a0\u00bbnone\u00a0\u00bb column_border_style=\u00a0\u00bbsolid\u00a0\u00bb bg_image_animation=\u00a0\u00bbnone\u00a0\u00bb][vc_column_text]\n<p class=\"storytitle\">\u00c0 la fin de la saison de chasse, il est grand temps de nettoyer \u00e0 fond vos armes de chasse ! Ceci non seulement pour votre s\u00e9curit\u00e9 mais aussi pour pr\u00e9server la valeur de l&rsquo;arme pendant longtemps. <\/p>\n<div class=\"storycontent\">\n<p>Voici quelques recommandations pour nettoyer vos armes \u00e0 feu.<\/p>\n<h4>D\u00e9montage<\/h4>\n<p>Attention au d\u00e9montage et au remontage. De nombreux crochets de canon sont endommag\u00e9s par cette op\u00e9ration.<br \/>\nNormalement, cette op\u00e9ration doit \u00eatre effectu\u00e9e en douceur et l&rsquo;arme doit se d\u00e9monter, pour ainsi dire, lors du d\u00e9montage et s&#8217;embo\u00eeter en douceur lors du remontage. <\/p>\n<p>Si ce n&rsquo;est pas le cas, demandez l&rsquo;aide d&rsquo;un expert ou d&rsquo;un vendeur d&rsquo;armes \u00e0 feu.<\/p>\n<h4>La marche<\/h4>\n<p>Nettoyez les canons avec un bon chiffon de polissage et, pour l&rsquo;int\u00e9rieur, avec un b\u00e2ton de polissage et un chiffon. Proc\u00e9dez ainsi jusqu&rsquo;\u00e0 ce que les canons aient retrouv\u00e9 leur aspect lisse et qu&rsquo;il n&rsquo;y ait plus de r\u00e9sidus ou de marques. <\/p>\n<p>Si n\u00e9cessaire, nettoyez l&rsquo;int\u00e9rieur avec une brosse \u00e0 polir, \u00e9ventuellement de la laine d&rsquo;acier fine (sur le b\u00e2ton de polissage) ou avec un Gun Cord.<\/p>\n<p>Attention aux nettoyeurs d\u2019al\u00e9sage, ceux-ci sont parfois corrosifs et ne doivent pas \u00eatre laiss\u00e9s trop longtemps dans les f\u00fbts.<\/p>\n<p>Un fonctionnement en douceur peut \u00eatre fourni avec une l\u00e9g\u00e8re couche d\u2019huile apr\u00e8s le nettoyage qui peut rester en place pendant l\u2019utilisation.<\/p>\n<p>Avec un canon avec des fusils et des champs, il faut l\u2019enlever car cette couche peut affecter l\u2019image de tir mais peut \u00e9galement endommager le canon. Cela est d\u00fb \u00e0 la combustion des r\u00e9sidus d\u2019huile.<br \/>\nUne exception \u00e0 cela est le cal. 22 dont les balles sont m\u00eame d\u00e9j\u00e0 recouvertes d\u2019une couche de graisse. <\/p>\n<p>Une bonne astuce de nettoyage pour les pistolets \u00e0 plomb qui ne sont pas faciles \u00e0 d\u00e9monter est de mettre une cartouche VIDE dans la chambre et de fermer le loquet, puis de nettoyer le canon par l\u2019avant avec une brosse afin que les r\u00e9sidus de poudre et de plomb tombent dans la coquille et non dans le m\u00e9canisme.<\/p>\n<h4>Pi\u00e8ces m\u00e9caniques<\/h4>\n<p>Ensuite, c&rsquo;est au tour des pi\u00e8ces m\u00e9caniques. Nettoyez-les avec un chiffon ou une brosse fine.<br \/>\nhuilez l\u00e9g\u00e8rement toutes les parties m\u00e9talliques et remettez le pistolet en place. <\/p>\n<\/div>\n[\/vc_column_text][vc_row_inner equal_height=\u00a0\u00bbyes\u00a0\u00bb content_placement=\u00a0\u00bbmiddle\u00a0\u00bb column_margin=\u00a0\u00bbdefault\u00a0\u00bb text_align=\u00a0\u00bbleft\u00a0\u00bb][vc_column_inner column_padding=\u00a0\u00bbno-extra-padding\u00a0\u00bb column_padding_position=\u00a0\u00bball\u00a0\u00bb background_color_opacity=\u00a0\u00bb1&Prime; background_hover_color_opacity=\u00a0\u00bb1&Prime; column_shadow=\u00a0\u00bbnone\u00a0\u00bb column_border_radius=\u00a0\u00bbnone\u00a0\u00bb column_link_target=\u00a0\u00bb_self\u00a0\u00bb width=\u00a0\u00bb1\/2&Prime; tablet_width_inherit=\u00a0\u00bbdefault\u00a0\u00bb overlay_strength=\u00a0\u00bb0.3&Prime; column_border_width=\u00a0\u00bbnone\u00a0\u00bb column_border_style=\u00a0\u00bbsolid\u00a0\u00bb bg_image_animation=\u00a0\u00bbnone\u00a0\u00bb][vc_column_text]\n<h4>Flacon<\/h4>\n<p>Pour la finition, travaillez le bois avec une bonne huile de torchis.<\/p>\n<h4>Stockage<\/h4>\n<p>Apr\u00e8s le nettoyage, le fusil peut \u00eatre stock\u00e9, mieux lorsqu&rsquo;il est assembl\u00e9.<\/p>\n<p>Si vous avez huil\u00e9 le canon et la bascule, ne placez pas l&rsquo;arme avec la crosse en bas. L&rsquo;huile p\u00e9n\u00e8tre dans la crosse et la rend molle. Par cons\u00e9quent, t\u00f4t ou tard, la crosse est vou\u00e9e \u00e0 se casser.<br \/>\nNe mettez donc jamais une arme mouill\u00e9e dans un \u00e9tui ou une pochette.  <\/p>\n<p>La d\u00e9tente du percuteur (toujours \u00e0 l&rsquo;aide d&rsquo;un mannequin, pas d&rsquo;un vieux mod\u00e8le) est autoris\u00e9e mais pas obligatoire.[\/vc_column_text][\/vc_column_inner][vc_column_inner column_padding=\u00a0\u00bbno-extra-padding\u00a0\u00bb column_padding_position=\u00a0\u00bball\u00a0\u00bb background_color_opacity=\u00a0\u00bb1&Prime; background_hover_color_opacity=\u00a0\u00bb1&Prime; column_shadow=\u00a0\u00bbnone\u00a0\u00bb column_border_radius=\u00a0\u00bbnone\u00a0\u00bb column_link_target=\u00a0\u00bb_self\u00a0\u00bb width=\u00a0\u00bb1\/2&Prime; tablet_width_inherit=\u00a0\u00bbdefault\u00a0\u00bb overlay_strength=\u00a0\u00bb0.3&Prime; column_border_width=\u00a0\u00bbnone\u00a0\u00bb column_border_style=\u00a0\u00bbsolid\u00a0\u00bb bg_image_animation=\u00a0\u00bbnone\u00a0\u00bb][image_with_animation image_url=\u00a0\u00bb6751&Prime; alignment=\u00a0\u00bb\u00a0\u00bb animation=\u00a0\u00bbFade In\u00a0\u00bb img_link_large=\u00a0\u00bbyes\u00a0\u00bb hover_animation=\u00a0\u00bbzoom-crop\u00a0\u00bb border_radius=\u00a0\u00bbnone\u00a0\u00bb box_shadow=\u00a0\u00bbnone\u00a0\u00bb image_loading=\u00a0\u00bbdefault\u00a0\u00bb max_width=\u00a0\u00bb100%\u00a0\u00bb max_width_mobile=\u00a0\u00bbdefault\u00a0\u00bb][vc_column_text]\n<p style=\"text-align: center;\">Stockage avec stock sur le dessus<\/p>\n[\/vc_column_text][\/vc_column_inner][\/vc_row_inner][\/vc_column][vc_column column_padding=\u00a0\u00bbno-extra-padding\u00a0\u00bb column_padding_position=\u00a0\u00bball\u00a0\u00bb background_color_opacity=\u00a0\u00bb1&Prime; background_hover_color_opacity=\u00a0\u00bb1&Prime; column_link_target=\u00a0\u00bb_self\u00a0\u00bb column_shadow=\u00a0\u00bbnone\u00a0\u00bb column_border_radius=\u00a0\u00bbnone\u00a0\u00bb width=\u00a0\u00bb1\/3&Prime; tablet_width_inherit=\u00a0\u00bbdefault\u00a0\u00bb tablet_text_alignment=\u00a0\u00bbdefault\u00a0\u00bb phone_text_alignment=\u00a0\u00bbdefault\u00a0\u00bb overlay_strength=\u00a0\u00bb0.3&Prime; column_border_width=\u00a0\u00bbnone\u00a0\u00bb column_border_style=\u00a0\u00bbsolid\u00a0\u00bb bg_image_animation=\u00a0\u00bbnone\u00a0\u00bb][vc_row_inner column_margin=\u00a0\u00bbdefault\u00a0\u00bb text_align=\u00a0\u00bbleft\u00a0\u00bb][vc_column_inner column_padding=\u00a0\u00bbno-extra-padding\u00a0\u00bb column_padding_position=\u00a0\u00bball\u00a0\u00bb background_color_opacity=\u00a0\u00bb1&Prime; background_hover_color_opacity=\u00a0\u00bb1&Prime; column_shadow=\u00a0\u00bbnone\u00a0\u00bb column_border_radius=\u00a0\u00bbnone\u00a0\u00bb column_link_target=\u00a0\u00bb_self\u00a0\u00bb width=\u00a0\u00bb1\/2&Prime; tablet_width_inherit=\u00a0\u00bbdefault\u00a0\u00bb overlay_strength=\u00a0\u00bb0.3&Prime; column_border_width=\u00a0\u00bbnone\u00a0\u00bb column_border_style=\u00a0\u00bbsolid\u00a0\u00bb bg_image_animation=\u00a0\u00bbnone\u00a0\u00bb]<div class=\"nectar-fancy-ul\" data-list-icon=\"dot\" data-animation=\"true\" data-animation-delay=\"200\" data-spacing=\"default\" data-alignment=\"left\"> \n<ul>\n<li><a href=\"https:\/\/hunting.be\/fr\/yacht\/armes\/\">Armes<\/a><\/li>\n<li><a href=\"https:\/\/hunting.be\/jacht\/wetgeving\/\">L\u00e9gislation<\/a><\/li>\n<li><a href=\"https:\/\/hunting.be\/fr\/yacht\/interets-pour-la-chasse\/\">Int\u00e9r\u00eats pour la chasse<\/a><\/li>\n<li><a href=\"https:\/\/hunting.be\/fr\/yacht\/reglementation\/\">R\u00e9glementation<\/a><\/li>\n<li><a href=\"https:\/\/hunting.be\/fr\/yacht\/organisation-de-la-chasse\/\">Organisation de la chasse<\/a><\/li>\n<li><a href=\"https:\/\/hunting.be\/fr\/yacht\/administrateur-special-sur-le-terrain\/\">Administrateur sp\u00e9cial sur le terrain<\/a><\/li>\n<li><a href=\"https:\/\/hunting.be\/fr\/yacht\/methodes-de-chasse\/\">M\u00e9thodes de chasse<\/a><\/li>\n<li><a href=\"https:\/\/hunting.be\/fr\/yacht\/techniques-de-chasse\/\">Techniques de chasse<\/a><\/li>\n<li><a href=\"https:\/\/hunting.be\/fr\/yacht\/conseils\/\">Conseils<\/a><\/li>\n<li><a href=\"https:\/\/hunting.be\/fr\/yacht\/traditions-de-chasse\/\">Traditions de chasse<\/a><\/li>\n<li style=\"text-align: left;\"><a href=\"https:\/\/hunting.be\/fr\/yacht\/a-letranger-2\/\">A l&rsquo;\u00e9tranger<\/a><\/li>\n<li><a href=\"https:\/\/hunting.be\/fr\/yacht\/la-science\/\">La science<\/a><\/li>\n<\/ul>\n <\/div>[\/vc_column_inner][vc_column_inner column_padding=\u00a0\u00bbno-extra-padding\u00a0\u00bb column_padding_position=\u00a0\u00bball\u00a0\u00bb background_color_opacity=\u00a0\u00bb1&Prime; background_hover_color_opacity=\u00a0\u00bb1&Prime; column_shadow=\u00a0\u00bbnone\u00a0\u00bb column_border_radius=\u00a0\u00bbnone\u00a0\u00bb column_link_target=\u00a0\u00bb_self\u00a0\u00bb width=\u00a0\u00bb1\/2&Prime; tablet_width_inherit=\u00a0\u00bbdefault\u00a0\u00bb overlay_strength=\u00a0\u00bb0.3&Prime; column_border_width=\u00a0\u00bbnone\u00a0\u00bb column_border_style=\u00a0\u00bbsolid\u00a0\u00bb bg_image_animation=\u00a0\u00bbnone\u00a0\u00bb][\/vc_column_inner][\/vc_row_inner][vc_row_inner column_margin=\u00a0\u00bbdefault\u00a0\u00bb text_align=\u00a0\u00bbleft\u00a0\u00bb][vc_column_inner column_padding=\u00a0\u00bbpadding-4-percent\u00a0\u00bb column_padding_position=\u00a0\u00bball\u00a0\u00bb background_color=\u00a0\u00bb#03472a\u00a0\u00bb background_color_opacity=\u00a0\u00bb1&Prime; background_hover_color_opacity=\u00a0\u00bb1&Prime; font_color=\u00a0\u00bb#ffffff\u00a0\u00bb column_shadow=\u00a0\u00bbnone\u00a0\u00bb column_border_radius=\u00a0\u00bbnone\u00a0\u00bb column_link_target=\u00a0\u00bb_self\u00a0\u00bb el_class=\u00a0\u00bbtxt-white\u00a0\u00bb width=\u00a0\u00bb1\/1&Prime; tablet_width_inherit=\u00a0\u00bbdefault\u00a0\u00bb overlay_strength=\u00a0\u00bb0.3&Prime; column_border_width=\u00a0\u00bbnone\u00a0\u00bb column_border_style=\u00a0\u00bbsolid\u00a0\u00bb bg_image_animation=\u00a0\u00bbnone\u00a0\u00bb][nectar_animated_title heading_tag=\u00a0\u00bbh6&Prime; style=\u00a0\u00bbcolor-strip-reveal\u00a0\u00bb color=\u00a0\u00bbAccent-Color\u00a0\u00bb text=\u00a0\u00bbPas encore de permis ?\u00a0\u00bb][divider line_type=\u00a0\u00bbNo Line\u00a0\u00bb custom_height=\u00a0\u00bb15&Prime;][vc_column_text css_animation=\u00a0\u00bbfadeIn\u00a0\u00bb]Jachtexamen.be est l&rsquo;environnement d&rsquo;apprentissage en ligne pour la chasse, la pr\u00e9paration optimale \u00e0 l&rsquo;examen.[\/vc_column_text][divider line_type=\u00a0\u00bbNo Line\u00a0\u00bb custom_height=\u00a0\u00bb50&Prime;][nectar_cta btn_style=\u00a0\u00bbsee-through\u00a0\u00bb heading_tag=\u00a0\u00bbh4&Prime; text_color=\u00a0\u00bb#ffffff\u00a0\u00bb button_color=\u00a0\u00bbdefault\u00a0\u00bb link_type=\u00a0\u00bbnew_tab\u00a0\u00bb alignment=\u00a0\u00bbleft\u00a0\u00bb display=\u00a0\u00bbblock\u00a0\u00bb link_text=\u00a0\u00bbCours d&#039;essai gratuit\u00a0\u00bb url=\u00a0\u00bbhttps:\/\/jachtexamen.be\/course\/proefles\/\u00a0\u00bb][\/vc_column_inner][\/vc_row_inner][\/vc_column][\/vc_row][vc_row type=\u00a0\u00bbin_container\u00a0\u00bb full_screen_row_position=\u00a0\u00bbmiddle\u00a0\u00bb column_margin=\u00a0\u00bbdefault\u00a0\u00bb scene_position=\u00a0\u00bbcenter\u00a0\u00bb text_color=\u00a0\u00bbdark\u00a0\u00bb text_align=\u00a0\u00bbleft\u00a0\u00bb top_padding=\u00a0\u00bb6%\u00a0\u00bb color_overlay=\u00a0\u00bb#03472a\u00a0\u00bb overlay_strength=\u00a0\u00bb1&Prime; enable_shape_divider=\u00a0\u00bbtrue\u00a0\u00bb shape_divider_position=\u00a0\u00bbtop\u00a0\u00bb shape_divider_height=\u00a0\u00bb80&Prime; bg_image_animation=\u00a0\u00bbnone\u00a0\u00bb shape_type=\u00a0\u00bbtilt_alt\u00a0\u00bb][vc_column column_padding=\u00a0\u00bbno-extra-padding\u00a0\u00bb column_padding_position=\u00a0\u00bball\u00a0\u00bb background_color_opacity=\u00a0\u00bb1&Prime; background_hover_color_opacity=\u00a0\u00bb1&Prime; column_link_target=\u00a0\u00bb_self\u00a0\u00bb column_shadow=\u00a0\u00bbnone\u00a0\u00bb column_border_radius=\u00a0\u00bbnone\u00a0\u00bb width=\u00a0\u00bb1\/1&Prime; tablet_width_inherit=\u00a0\u00bbdefault\u00a0\u00bb tablet_text_alignment=\u00a0\u00bbdefault\u00a0\u00bb phone_text_alignment=\u00a0\u00bbdefault\u00a0\u00bb overlay_strength=\u00a0\u00bb0.3&Prime; column_border_width=\u00a0\u00bbnone\u00a0\u00bb column_border_style=\u00a0\u00bbsolid\u00a0\u00bb bg_image_animation=\u00a0\u00bbnone\u00a0\u00bb][\/vc_column][\/vc_row]\n","protected":false},"excerpt":{"rendered":"<p>[vc_row type=\u00a0\u00bbfull_width_background\u00a0\u00bb full_screen_row_position=\u00a0\u00bbmiddle\u00a0\u00bb equal_height=\u00a0\u00bbyes\u00a0\u00bb column_margin=\u00a0\u00bbdefault\u00a0\u00bb bg_image=\u00a0\u00bb8163&Prime; bg_position=\u00a0\u00bbcenter top\u00a0\u00bb bg_repeat=\u00a0\u00bbno-repeat\u00a0\u00bb scene_position=\u00a0\u00bbcenter\u00a0\u00bb text_color=\u00a0\u00bbdark\u00a0\u00bb text_align=\u00a0\u00bbleft\u00a0\u00bb top_padding=\u00a0\u00bb12%\u00a0\u00bb bottom_padding=\u00a0\u00bb13%\u00a0\u00bb class=\u00a0\u00bbtxt-white\u00a0\u00bb enable_gradient=\u00a0\u00bbtrue\u00a0\u00bb color_overlay=\u00a0\u00bbrgba(3,71,42,0.5)\u00a0\u00bb color_overlay_2=\u00a0\u00bbrgba(3,71,42,0.6)\u00a0\u00bb gradient_direction=\u00a0\u00bbleft_to_right\u00a0\u00bb overlay_strength=\u00a0\u00bb0.5&Prime; enable_shape_divider=\u00a0\u00bbtrue\u00a0\u00bb shape_divider_position=\u00a0\u00bbbottom\u00a0\u00bb shape_divider_height=\u00a0\u00bb75&Prime; bg_image_animation=\u00a0\u00bbfade-in\u00a0\u00bb parallax_bg=\u00a0\u00bbtrue\u00a0\u00bb&#8230;<\/p>\n","protected":false},"author":1,"featured_media":0,"parent":49767,"menu_order":0,"comment_status":"closed","ping_status":"closed","template":"","meta":{"footnotes":""},"class_list":["post-50171","page","type-page","status-publish"],"yoast_head":"<!-- This site is optimized with the Yoast SEO plugin v27.5 - https:\/\/yoast.com\/product\/yoast-seo-wordpress\/ -->\n<title>Entretien des armes - Hunting<\/title>\n<meta name=\"robots\" content=\"index, follow, max-snippet:-1, max-image-preview:large, max-video-preview:-1\" \/>\n<link rel=\"canonical\" href=\"https:\/\/hunting.be\/fr\/yacht\/armes\/entretien-des-armes\/\" \/>\n<meta property=\"og:locale\" content=\"fr_FR\" \/>\n<meta property=\"og:type\" content=\"article\" \/>\n<meta property=\"og:title\" content=\"Entretien des armes - Hunting\" \/>\n<meta property=\"og:description\" content=\"[vc_row type=\u00a0\u00bbfull_width_background\u00a0\u00bb full_screen_row_position=\u00a0\u00bbmiddle\u00a0\u00bb equal_height=\u00a0\u00bbyes\u00a0\u00bb column_margin=\u00a0\u00bbdefault\u00a0\u00bb bg_image=\u00a0\u00bb8163&Prime; bg_position=\u00a0\u00bbcenter top\u00a0\u00bb bg_repeat=\u00a0\u00bbno-repeat\u00a0\u00bb scene_position=\u00a0\u00bbcenter\u00a0\u00bb text_color=\u00a0\u00bbdark\u00a0\u00bb text_align=\u00a0\u00bbleft\u00a0\u00bb top_padding=\u00a0\u00bb12%\u00a0\u00bb bottom_padding=\u00a0\u00bb13%\u00a0\u00bb class=\u00a0\u00bbtxt-white\u00a0\u00bb enable_gradient=\u00a0\u00bbtrue\u00a0\u00bb color_overlay=\u00a0\u00bbrgba(3,71,42,0.5)\u00a0\u00bb color_overlay_2=\u00a0\u00bbrgba(3,71,42,0.6)\u00a0\u00bb gradient_direction=\u00a0\u00bbleft_to_right\u00a0\u00bb overlay_strength=\u00a0\u00bb0.5&Prime; enable_shape_divider=\u00a0\u00bbtrue\u00a0\u00bb shape_divider_position=\u00a0\u00bbbottom\u00a0\u00bb shape_divider_height=\u00a0\u00bb75&Prime; bg_image_animation=\u00a0\u00bbfade-in\u00a0\u00bb parallax_bg=\u00a0\u00bbtrue\u00a0\u00bb...\" \/>\n<meta property=\"og:url\" content=\"https:\/\/hunting.be\/fr\/yacht\/armes\/entretien-des-armes\/\" \/>\n<meta property=\"og:site_name\" content=\"Hunting\" \/>\n<meta property=\"article:modified_time\" content=\"2025-11-12T15:08:30+00:00\" \/>\n<meta name=\"twitter:card\" content=\"summary_large_image\" \/>\n<meta name=\"twitter:label1\" content=\"Dur\u00e9e de lecture estim\u00e9e\" \/>\n\t<meta name=\"twitter:data1\" content=\"8 minutes\" \/>\n<script type=\"application\/ld+json\" class=\"yoast-schema-graph\">{\"@context\":\"https:\\\/\\\/schema.org\",\"@graph\":[{\"@type\":\"WebPage\",\"@id\":\"https:\\\/\\\/hunting.be\\\/fr\\\/yacht\\\/armes\\\/entretien-des-armes\\\/\",\"url\":\"https:\\\/\\\/hunting.be\\\/fr\\\/yacht\\\/armes\\\/entretien-des-armes\\\/\",\"name\":\"Entretien des armes - Hunting\",\"isPartOf\":{\"@id\":\"https:\\\/\\\/hunting.be\\\/fr\\\/#website\"},\"datePublished\":\"2020-02-13T09:26:32+00:00\",\"dateModified\":\"2025-11-12T15:08:30+00:00\",\"breadcrumb\":{\"@id\":\"https:\\\/\\\/hunting.be\\\/fr\\\/yacht\\\/armes\\\/entretien-des-armes\\\/#breadcrumb\"},\"inLanguage\":\"fr-FR\",\"potentialAction\":[{\"@type\":\"ReadAction\",\"target\":[\"https:\\\/\\\/hunting.be\\\/fr\\\/yacht\\\/armes\\\/entretien-des-armes\\\/\"]}]},{\"@type\":\"BreadcrumbList\",\"@id\":\"https:\\\/\\\/hunting.be\\\/fr\\\/yacht\\\/armes\\\/entretien-des-armes\\\/#breadcrumb\",\"itemListElement\":[{\"@type\":\"ListItem\",\"position\":1,\"name\":\"Home\",\"item\":\"https:\\\/\\\/hunting.be\\\/fr\\\/\"},{\"@type\":\"ListItem\",\"position\":2,\"name\":\"Chasse\",\"item\":\"https:\\\/\\\/hunting.be\\\/fr\\\/yacht\\\/\"},{\"@type\":\"ListItem\",\"position\":3,\"name\":\"Armes\",\"item\":\"https:\\\/\\\/hunting.be\\\/fr\\\/jacht\\\/wapens\\\/\"},{\"@type\":\"ListItem\",\"position\":4,\"name\":\"Entretien des armes\"}]},{\"@type\":\"WebSite\",\"@id\":\"https:\\\/\\\/hunting.be\\\/fr\\\/#website\",\"url\":\"https:\\\/\\\/hunting.be\\\/fr\\\/\",\"name\":\"Hunting\",\"description\":\"Referentie voor jacht in Belgi\u00eb\",\"potentialAction\":[{\"@type\":\"SearchAction\",\"target\":{\"@type\":\"EntryPoint\",\"urlTemplate\":\"https:\\\/\\\/hunting.be\\\/fr\\\/?s={search_term_string}\"},\"query-input\":{\"@type\":\"PropertyValueSpecification\",\"valueRequired\":true,\"valueName\":\"search_term_string\"}}],\"inLanguage\":\"fr-FR\"}]}<\/script>\n<!-- \/ Yoast SEO plugin. -->","yoast_head_json":{"title":"Entretien des armes - Hunting","robots":{"index":"index","follow":"follow","max-snippet":"max-snippet:-1","max-image-preview":"max-image-preview:large","max-video-preview":"max-video-preview:-1"},"canonical":"https:\/\/hunting.be\/fr\/yacht\/armes\/entretien-des-armes\/","og_locale":"fr_FR","og_type":"article","og_title":"Entretien des armes - Hunting","og_description":"[vc_row type=\u00a0\u00bbfull_width_background\u00a0\u00bb full_screen_row_position=\u00a0\u00bbmiddle\u00a0\u00bb equal_height=\u00a0\u00bbyes\u00a0\u00bb column_margin=\u00a0\u00bbdefault\u00a0\u00bb bg_image=\u00a0\u00bb8163&Prime; bg_position=\u00a0\u00bbcenter top\u00a0\u00bb bg_repeat=\u00a0\u00bbno-repeat\u00a0\u00bb scene_position=\u00a0\u00bbcenter\u00a0\u00bb text_color=\u00a0\u00bbdark\u00a0\u00bb text_align=\u00a0\u00bbleft\u00a0\u00bb top_padding=\u00a0\u00bb12%\u00a0\u00bb bottom_padding=\u00a0\u00bb13%\u00a0\u00bb class=\u00a0\u00bbtxt-white\u00a0\u00bb enable_gradient=\u00a0\u00bbtrue\u00a0\u00bb color_overlay=\u00a0\u00bbrgba(3,71,42,0.5)\u00a0\u00bb color_overlay_2=\u00a0\u00bbrgba(3,71,42,0.6)\u00a0\u00bb gradient_direction=\u00a0\u00bbleft_to_right\u00a0\u00bb overlay_strength=\u00a0\u00bb0.5&Prime; enable_shape_divider=\u00a0\u00bbtrue\u00a0\u00bb shape_divider_position=\u00a0\u00bbbottom\u00a0\u00bb shape_divider_height=\u00a0\u00bb75&Prime; bg_image_animation=\u00a0\u00bbfade-in\u00a0\u00bb parallax_bg=\u00a0\u00bbtrue\u00a0\u00bb...","og_url":"https:\/\/hunting.be\/fr\/yacht\/armes\/entretien-des-armes\/","og_site_name":"Hunting","article_modified_time":"2025-11-12T15:08:30+00:00","twitter_card":"summary_large_image","twitter_misc":{"Dur\u00e9e de lecture estim\u00e9e":"8 minutes"},"schema":{"@context":"https:\/\/schema.org","@graph":[{"@type":"WebPage","@id":"https:\/\/hunting.be\/fr\/yacht\/armes\/entretien-des-armes\/","url":"https:\/\/hunting.be\/fr\/yacht\/armes\/entretien-des-armes\/","name":"Entretien des armes - Hunting","isPartOf":{"@id":"https:\/\/hunting.be\/fr\/#website"},"datePublished":"2020-02-13T09:26:32+00:00","dateModified":"2025-11-12T15:08:30+00:00","breadcrumb":{"@id":"https:\/\/hunting.be\/fr\/yacht\/armes\/entretien-des-armes\/#breadcrumb"},"inLanguage":"fr-FR","potentialAction":[{"@type":"ReadAction","target":["https:\/\/hunting.be\/fr\/yacht\/armes\/entretien-des-armes\/"]}]},{"@type":"BreadcrumbList","@id":"https:\/\/hunting.be\/fr\/yacht\/armes\/entretien-des-armes\/#breadcrumb","itemListElement":[{"@type":"ListItem","position":1,"name":"Home","item":"https:\/\/hunting.be\/fr\/"},{"@type":"ListItem","position":2,"name":"Chasse","item":"https:\/\/hunting.be\/fr\/yacht\/"},{"@type":"ListItem","position":3,"name":"Armes","item":"https:\/\/hunting.be\/fr\/jacht\/wapens\/"},{"@type":"ListItem","position":4,"name":"Entretien des armes"}]},{"@type":"WebSite","@id":"https:\/\/hunting.be\/fr\/#website","url":"https:\/\/hunting.be\/fr\/","name":"Hunting","description":"Referentie voor jacht in Belgi\u00eb","potentialAction":[{"@type":"SearchAction","target":{"@type":"EntryPoint","urlTemplate":"https:\/\/hunting.be\/fr\/?s={search_term_string}"},"query-input":{"@type":"PropertyValueSpecification","valueRequired":true,"valueName":"search_term_string"}}],"inLanguage":"fr-FR"}]}},"_links":{"self":[{"href":"https:\/\/hunting.be\/fr\/wp-json\/wp\/v2\/pages\/50171","targetHints":{"allow":["GET"]}}],"collection":[{"href":"https:\/\/hunting.be\/fr\/wp-json\/wp\/v2\/pages"}],"about":[{"href":"https:\/\/hunting.be\/fr\/wp-json\/wp\/v2\/types\/page"}],"author":[{"embeddable":true,"href":"https:\/\/hunting.be\/fr\/wp-json\/wp\/v2\/users\/1"}],"replies":[{"embeddable":true,"href":"https:\/\/hunting.be\/fr\/wp-json\/wp\/v2\/comments?post=50171"}],"version-history":[{"count":1,"href":"https:\/\/hunting.be\/fr\/wp-json\/wp\/v2\/pages\/50171\/revisions"}],"predecessor-version":[{"id":50183,"href":"https:\/\/hunting.be\/fr\/wp-json\/wp\/v2\/pages\/50171\/revisions\/50183"}],"up":[{"embeddable":true,"href":"https:\/\/hunting.be\/fr\/wp-json\/wp\/v2\/pages\/49767"}],"wp:attachment":[{"href":"https:\/\/hunting.be\/fr\/wp-json\/wp\/v2\/media?parent=50171"}],"curies":[{"name":"wp","href":"https:\/\/api.w.org\/{rel}","templated":true}]}}