{"id":48704,"date":"2020-02-18T15:56:44","date_gmt":"2020-02-18T15:56:44","guid":{"rendered":"https:\/\/hunting.be\/petit-gibier\/perdrix\/"},"modified":"2025-11-12T14:53:07","modified_gmt":"2025-11-12T14:53:07","slug":"perdrix","status":"publish","type":"page","link":"https:\/\/hunting.be\/fr\/gibier-et-chiens\/petit-gibier\/perdrix\/","title":{"rendered":"Perdrix"},"content":{"rendered":"[vc_row type=\u00a0\u00bbfull_width_background\u00a0\u00bb full_screen_row_position=\u00a0\u00bbmiddle\u00a0\u00bb equal_height=\u00a0\u00bbyes\u00a0\u00bb column_margin=\u00a0\u00bbdefault\u00a0\u00bb bg_image=\u00a0\u00bb41534&Prime; bg_position=\u00a0\u00bbcenter top\u00a0\u00bb bg_repeat=\u00a0\u00bbno-repeat\u00a0\u00bb scene_position=\u00a0\u00bbcenter\u00a0\u00bb text_color=\u00a0\u00bbdark\u00a0\u00bb text_align=\u00a0\u00bbleft\u00a0\u00bb top_padding=\u00a0\u00bb12%\u00a0\u00bb bottom_padding=\u00a0\u00bb13%\u00a0\u00bb class=\u00a0\u00bbtxt-white\u00a0\u00bb enable_gradient=\u00a0\u00bbtrue\u00a0\u00bb color_overlay=\u00a0\u00bbrgba(3,71,42,0.5)\u00a0\u00bb color_overlay_2=\u00a0\u00bbrgba(3,71,42,0.6)\u00a0\u00bb gradient_direction=\u00a0\u00bbleft_to_right\u00a0\u00bb overlay_strength=\u00a0\u00bb0.5&Prime; enable_shape_divider=\u00a0\u00bbtrue\u00a0\u00bb shape_divider_position=\u00a0\u00bbbottom\u00a0\u00bb shape_divider_height=\u00a0\u00bb75&Prime; bg_image_animation=\u00a0\u00bbfade-in\u00a0\u00bb parallax_bg=\u00a0\u00bbtrue\u00a0\u00bb parallax_bg_speed=\u00a0\u00bbslow\u00a0\u00bb shape_type=\u00a0\u00bbtriangle\u00a0\u00bb][vc_column centered_text=\u00a0\u00bbtrue\u00a0\u00bb column_padding=\u00a0\u00bbno-extra-padding\u00a0\u00bb column_padding_position=\u00a0\u00bball\u00a0\u00bb background_color_opacity=\u00a0\u00bb1&Prime; background_hover_color_opacity=\u00a0\u00bb1&Prime; column_link_target=\u00a0\u00bb_self\u00a0\u00bb column_shadow=\u00a0\u00bbnone\u00a0\u00bb column_border_radius=\u00a0\u00bbnone\u00a0\u00bb width=\u00a0\u00bb1\/1&Prime; tablet_width_inherit=\u00a0\u00bbdefault\u00a0\u00bb tablet_text_alignment=\u00a0\u00bbdefault\u00a0\u00bb phone_text_alignment=\u00a0\u00bbdefault\u00a0\u00bb overlay_strength=\u00a0\u00bb0.3&Prime; column_border_width=\u00a0\u00bbnone\u00a0\u00bb column_border_style=\u00a0\u00bbsolid\u00a0\u00bb bg_image_animation=\u00a0\u00bbnone\u00a0\u00bb][split_line_heading animation_type=\u00a0\u00bbdefault\u00a0\u00bb]\n<h2>Petit gibier \u2013 Perdrix<\/h2>\n[\/split_line_heading][nectar_animated_title heading_tag=\u00a0\u00bbh3&Prime; style=\u00a0\u00bbcolor-strip-reveal\u00a0\u00bb color=\u00a0\u00bbAccent-Color\u00a0\u00bb text=\u00a0\u00bbTout sur la perdrix.\u00a0\u00bb][\/vc_column][\/vc_row][vc_row type=\u00a0\u00bbin_container\u00a0\u00bb full_screen_row_position=\u00a0\u00bbmiddle\u00a0\u00bb column_margin=\u00a0\u00bbdefault\u00a0\u00bb scene_position=\u00a0\u00bbcenter\u00a0\u00bb text_color=\u00a0\u00bbdark\u00a0\u00bb text_align=\u00a0\u00bbleft\u00a0\u00bb overlay_strength=\u00a0\u00bb0.3&Prime; shape_divider_position=\u00a0\u00bbbottom\u00a0\u00bb bg_image_animation=\u00a0\u00bbnone\u00a0\u00bb][vc_column column_padding=\u00a0\u00bbno-extra-padding\u00a0\u00bb column_padding_position=\u00a0\u00bball\u00a0\u00bb background_color_opacity=\u00a0\u00bb1&Prime; background_hover_color_opacity=\u00a0\u00bb1&Prime; column_link_target=\u00a0\u00bb_self\u00a0\u00bb column_shadow=\u00a0\u00bbnone\u00a0\u00bb column_border_radius=\u00a0\u00bbnone\u00a0\u00bb width=\u00a0\u00bb1\/1&Prime; tablet_width_inherit=\u00a0\u00bbdefault\u00a0\u00bb tablet_text_alignment=\u00a0\u00bbdefault\u00a0\u00bb phone_text_alignment=\u00a0\u00bbdefault\u00a0\u00bb overlay_strength=\u00a0\u00bb0.3&Prime; column_border_width=\u00a0\u00bbnone\u00a0\u00bb column_border_style=\u00a0\u00bbsolid\u00a0\u00bb bg_image_animation=\u00a0\u00bbnone\u00a0\u00bb][divider line_type=\u00a0\u00bbNo Line\u00a0\u00bb custom_height=\u00a0\u00bb50&Prime;][split_line_heading animation_type=\u00a0\u00bbdefault\u00a0\u00bb]\n<h2>Perdrix<\/h2>\n[\/split_line_heading][\/vc_column][\/vc_row][vc_row type=\u00a0\u00bbin_container\u00a0\u00bb full_screen_row_position=\u00a0\u00bbmiddle\u00a0\u00bb column_margin=\u00a0\u00bb90px\u00a0\u00bb scene_position=\u00a0\u00bbcenter\u00a0\u00bb text_color=\u00a0\u00bbdark\u00a0\u00bb text_align=\u00a0\u00bbleft\u00a0\u00bb overlay_strength=\u00a0\u00bb0.3&Prime; shape_divider_position=\u00a0\u00bbbottom\u00a0\u00bb bg_image_animation=\u00a0\u00bbnone\u00a0\u00bb shape_type=\u00a0\u00bb\u00a0\u00bb][vc_column column_padding=\u00a0\u00bbno-extra-padding\u00a0\u00bb column_padding_position=\u00a0\u00bball\u00a0\u00bb background_color_opacity=\u00a0\u00bb1&Prime; background_hover_color_opacity=\u00a0\u00bb1&Prime; column_link_target=\u00a0\u00bb_self\u00a0\u00bb column_shadow=\u00a0\u00bbnone\u00a0\u00bb column_border_radius=\u00a0\u00bbnone\u00a0\u00bb width=\u00a0\u00bb2\/3&Prime; tablet_width_inherit=\u00a0\u00bbdefault\u00a0\u00bb tablet_text_alignment=\u00a0\u00bbdefault\u00a0\u00bb phone_text_alignment=\u00a0\u00bbdefault\u00a0\u00bb overlay_strength=\u00a0\u00bb0.3&Prime; column_border_width=\u00a0\u00bbnone\u00a0\u00bb column_border_style=\u00a0\u00bbsolid\u00a0\u00bb bg_image_animation=\u00a0\u00bbnone\u00a0\u00bb][split_line_heading animation_type=\u00a0\u00bbdefault\u00a0\u00bb]\n<h5>Classe : Oiseaux<\/h5>\n<h5>Ordre : galliformes<\/h5>\n<h5>Famille : perdicinae<\/h5>\n<h5>Esp\u00e8ce : perdix perdix<\/h5>\n[\/split_line_heading][vc_column_text]\n<div id=\"post-8130\" class=\"post-8130 page type-page status-publish hentry\">\n<div class=\"storycontent\">\n<h3>Biotope<\/h3>\n<p>Un bon biotope doit r\u00e9pondre \u00e0 trois besoins vitaux : la nourriture, le logement et le repos. La perdrix est un habitant du fond. La perdrix aime les champs ouverts, tout au plus travers\u00e9s par des haies, des lisi\u00e8res de bois ou quelques buissons \u00e9pars. Son biotope de pr\u00e9dilection est constitu\u00e9 de terres arables, entrecoup\u00e9es de prairies peu nombreuses, de quelques lisi\u00e8res de bois et de quelques digues dans lesquelles vivent surtout des fourmis. Elles pr\u00e9f\u00e8rent se promener \u00e0 la recherche de graines parmi les betteraves fourrag\u00e8res mal fertilis\u00e9es et trop \u00e9loign\u00e9es les unes des autres. Les champs de pommes de terre insuffisamment trait\u00e9s contre les mauvaises herbes et les parasites abritent parfois d\u00e9j\u00e0 les perdrix de la r\u00e9gion.<br \/>\nA la naissance, les poussins de perdrix sont insectivores : ils ne p\u00e8sent alors que quelques grammes et doivent devenir des oiseaux adultes dans un laps de temps tr\u00e8s court \u2013 12 \u00e0 14 semaines. Pour cela, ils ont besoin d&rsquo;une nourriture tr\u00e8s riche, essentiellement animale. Sans cette nourriture animale, ils meurent de faim pendant les deux ou trois semaines qui suivent l&rsquo;\u00e9closion. Les oisillons sont si fragiles que 80 % d&rsquo;entre eux meurent au cours des deux premi\u00e8res semaines de leur vie.        <\/p>\n<\/div>\n<\/div>\n[\/vc_column_text][image_with_animation image_url=\u00a0\u00bb7642&Prime; alignment=\u00a0\u00bb\u00a0\u00bb animation=\u00a0\u00bbFade In\u00a0\u00bb hover_animation=\u00a0\u00bbnone\u00a0\u00bb border_radius=\u00a0\u00bbnone\u00a0\u00bb box_shadow=\u00a0\u00bbsmall_depth\u00a0\u00bb image_loading=\u00a0\u00bbdefault\u00a0\u00bb max_width=\u00a0\u00bb100%\u00a0\u00bb max_width_mobile=\u00a0\u00bbdefault\u00a0\u00bb margin_top=\u00a0\u00bb30&Prime; margin_bottom=\u00a0\u00bb30&Prime;][vc_column_text]\n<div id=\"post-8130\" class=\"post-8130 page type-page status-publish hentry\">\n<div class=\"storycontent\">\n<h3>Caract\u00e9ristiques externes<\/h3>\n<p>La perdrix est un volatile gris\u00e2tre qui peut \u00eatre transform\u00e9 en un savoureux morceau de viande de gibier. C&rsquo;est un petit oiseau trapu dont le plumage est domin\u00e9 par le gris et le brun. La \u201cface\u00a0\u00bb est brun-orange, le cou et la poitrine sont gris, le dos et les ailes sont bruns et la queue est brun-rouille. Sur la poitrine se trouve une tache brune en forme de fer \u00e0 cheval, qui est g\u00e9n\u00e9ralement plus \u00e9vidente chez le coq, mais qui ne constitue pas encore une caract\u00e9ristique sexuelle fiable. Les couvertures alaires permettent de faire une distinction nette entre les sexes : chez la poule, elles pr\u00e9sentent des rayures transversales, chez le coq, elles sont absentes. Dans le plumage juv\u00e9nile, la couleur brune pr\u00e9domine. Contrairement aux adultes, les jeunes oiseaux ont des pattes jaunes plut\u00f4t que grises, des plumes de vol externes pointues plut\u00f4t qu&rsquo;arrondies et un bec sombre. Le coq et la poule mesurent en moyenne 30 centim\u00e8tres de long. Le coq est en moyenne l\u00e9g\u00e8rement plus clair que la poule.        <\/p>\n<h3>Propagation<\/h3>\n<p>Les perdrix sont monogames. Cela est d\u00fb en grande partie au comportement jaloux de la poule, qui veille \u00e0 ce que tout rival p\u00e9n\u00e9trant sur le territoire soit \u00e9limin\u00e9 sans m\u00e9nagement. Au printemps, le coq se met soudain \u00e0 ex\u00e9cuter une sorte de danse de la joie. Il d\u00e9crit alors un grand arc de cercle autour de sa poule, tous deux partent comme pour un vol nuptial sur les ailes, mais le coq tourne \u00e0 nouveau autour de l&rsquo;objet de sa convoitise. Parfois, le coq effectue m\u00eame un court vol circulaire sur les ailes, une aile touchant presque le sol.<br \/>\nLorsqu&rsquo;il atterrit, il se dirige vers sa poule, qui s&rsquo;assoit en position vo\u00fbt\u00e9e, la queue l\u00e9g\u00e8rement relev\u00e9e, et le coq lui donne un coup de pied. Il y a alors un bref soul\u00e8vement des plumes, comme pour les ramener dans le giron. Pendant la parade nuptiale, les deux oiseaux \u00e9mettent des roucoulements.<br \/>\nEnsemble, ils cherchent un site de nidification, de pr\u00e9f\u00e9rence dans un endroit o\u00f9 il y a de l&rsquo;herbe ancienne. Presque chaque jour, la poule pond un \u0153uf brun-olive ou gris-vert clair dans un trou peu profond, tapiss\u00e9 de quelques touffes et brins d&rsquo;herbe. Au bout de 23 \u00e0 24 jours, les poussins \u00e9closent. Les perdrix nouveau-n\u00e9es mesurent \u00e0 peine quatre centim\u00e8tres. Une v\u00e9g\u00e9tation dense et humide ou un couvert est un obstacle presque insurmontable pour ces oisillons.<x id=\"gid_2\"><\/x>Apr\u00e8s quelques semaines, les oisillons peuvent d\u00e9j\u00e0 se d\u00e9placer un peu en volant. \u00c0 l&rsquo;\u00e2ge de dix semaines, les perdrix sont pr\u00eates \u00e0 voler.<br \/>\nLa saison de ponte atteint son apog\u00e9e vers la mi-mai.           <\/p>\n<\/div>\n<\/div>\n[\/vc_column_text][\/vc_column][vc_column column_padding=\u00a0\u00bbno-extra-padding\u00a0\u00bb column_padding_position=\u00a0\u00bball\u00a0\u00bb background_color_opacity=\u00a0\u00bb1&Prime; background_hover_color_opacity=\u00a0\u00bb1&Prime; column_link_target=\u00a0\u00bb_self\u00a0\u00bb column_shadow=\u00a0\u00bbnone\u00a0\u00bb column_border_radius=\u00a0\u00bbnone\u00a0\u00bb width=\u00a0\u00bb1\/3&Prime; tablet_width_inherit=\u00a0\u00bbdefault\u00a0\u00bb tablet_text_alignment=\u00a0\u00bbdefault\u00a0\u00bb phone_text_alignment=\u00a0\u00bbdefault\u00a0\u00bb overlay_strength=\u00a0\u00bb0.3&Prime; column_border_width=\u00a0\u00bbnone\u00a0\u00bb column_border_style=\u00a0\u00bbsolid\u00a0\u00bb bg_image_animation=\u00a0\u00bbnone\u00a0\u00bb][vc_row_inner column_margin=\u00a0\u00bbdefault\u00a0\u00bb text_align=\u00a0\u00bbleft\u00a0\u00bb][vc_column_inner column_padding=\u00a0\u00bbno-extra-padding\u00a0\u00bb column_padding_position=\u00a0\u00bball\u00a0\u00bb background_color_opacity=\u00a0\u00bb1&Prime; background_hover_color_opacity=\u00a0\u00bb1&Prime; column_shadow=\u00a0\u00bbnone\u00a0\u00bb column_border_radius=\u00a0\u00bbnone\u00a0\u00bb column_link_target=\u00a0\u00bb_self\u00a0\u00bb width=\u00a0\u00bb1\/2&Prime; tablet_width_inherit=\u00a0\u00bbdefault\u00a0\u00bb overlay_strength=\u00a0\u00bb0.3&Prime; column_border_width=\u00a0\u00bbnone\u00a0\u00bb column_border_style=\u00a0\u00bbsolid\u00a0\u00bb bg_image_animation=\u00a0\u00bbnone\u00a0\u00bb]<div class=\"nectar-fancy-ul\" data-list-icon=\"dot\" data-animation=\"true\" data-animation-delay=\"200\" data-spacing=\"default\" data-alignment=\"left\"> \n<ul>\n<li><a href=\"https:\/\/hunting.be\/fr\/petit-gibier\/\">Petit gibier<\/a><\/li>\n<li><a href=\"https:\/\/hunting.be\/wild\/water-wild\/\">Jeu de l&rsquo;eau<\/a><\/li>\n<li><a href=\"https:\/\/hunting.be\/fr\/autre-jeu\/\">Autre jeu<\/a><\/li>\n<li><a href=\"https:\/\/hunting.be\/fr\/gros-gibier\/\">Gros gibier<\/a><\/li>\n<li><a href=\"https:\/\/hunting.be\/wild\/predatoren\/\">Pr\u00e9dateurs<\/a><\/li>\n<li><a href=\"https:\/\/hunting.be\/wild\/honden\/\">Chiens<\/a><\/li>\n<li><a href=\"https:\/\/hunting.be\/fr\/speciaux-sauvages\/\">Sp\u00e9ciaux sauvages<\/a><\/li>\n<\/ul>\n <\/div>[\/vc_column_inner][vc_column_inner column_padding=\u00a0\u00bbno-extra-padding\u00a0\u00bb column_padding_position=\u00a0\u00bball\u00a0\u00bb background_color_opacity=\u00a0\u00bb1&Prime; background_hover_color_opacity=\u00a0\u00bb1&Prime; column_shadow=\u00a0\u00bbnone\u00a0\u00bb column_border_radius=\u00a0\u00bbnone\u00a0\u00bb column_link_target=\u00a0\u00bb_self\u00a0\u00bb width=\u00a0\u00bb1\/2&Prime; tablet_width_inherit=\u00a0\u00bbdefault\u00a0\u00bb overlay_strength=\u00a0\u00bb0.3&Prime; column_border_width=\u00a0\u00bbnone\u00a0\u00bb column_border_style=\u00a0\u00bbsolid\u00a0\u00bb bg_image_animation=\u00a0\u00bbnone\u00a0\u00bb][\/vc_column_inner][\/vc_row_inner][vc_row_inner column_margin=\u00a0\u00bbdefault\u00a0\u00bb text_align=\u00a0\u00bbleft\u00a0\u00bb][vc_column_inner column_padding=\u00a0\u00bbpadding-4-percent\u00a0\u00bb column_padding_position=\u00a0\u00bball\u00a0\u00bb background_color=\u00a0\u00bb#03472a\u00a0\u00bb background_color_opacity=\u00a0\u00bb1&Prime; background_hover_color_opacity=\u00a0\u00bb1&Prime; font_color=\u00a0\u00bb#ffffff\u00a0\u00bb column_shadow=\u00a0\u00bbnone\u00a0\u00bb column_border_radius=\u00a0\u00bbnone\u00a0\u00bb column_link_target=\u00a0\u00bb_self\u00a0\u00bb el_class=\u00a0\u00bbtxt-white\u00a0\u00bb width=\u00a0\u00bb1\/1&Prime; tablet_width_inherit=\u00a0\u00bbdefault\u00a0\u00bb overlay_strength=\u00a0\u00bb0.3&Prime; column_border_width=\u00a0\u00bbnone\u00a0\u00bb column_border_style=\u00a0\u00bbsolid\u00a0\u00bb bg_image_animation=\u00a0\u00bbnone\u00a0\u00bb][nectar_animated_title heading_tag=\u00a0\u00bbh6&Prime; style=\u00a0\u00bbcolor-strip-reveal\u00a0\u00bb color=\u00a0\u00bbAccent-Color\u00a0\u00bb text=\u00a0\u00bbPas encore de permis ?\u00a0\u00bb][divider line_type=\u00a0\u00bbNo Line\u00a0\u00bb custom_height=\u00a0\u00bb15&Prime;][vc_column_text css_animation=\u00a0\u00bbfadeIn\u00a0\u00bb]Jachtexamen.be est l&rsquo;environnement d&rsquo;apprentissage en ligne pour la chasse, la pr\u00e9paration optimale \u00e0 l&rsquo;examen.[\/vc_column_text][divider line_type=\u00a0\u00bbNo Line\u00a0\u00bb custom_height=\u00a0\u00bb50&Prime;][nectar_cta btn_style=\u00a0\u00bbsee-through\u00a0\u00bb heading_tag=\u00a0\u00bbh4&Prime; text_color=\u00a0\u00bb#ffffff\u00a0\u00bb button_color=\u00a0\u00bbdefault\u00a0\u00bb link_type=\u00a0\u00bbnew_tab\u00a0\u00bb alignment=\u00a0\u00bbleft\u00a0\u00bb display=\u00a0\u00bbblock\u00a0\u00bb link_text=\u00a0\u00bbCours d&#039;essai gratuit\u00a0\u00bb url=\u00a0\u00bbhttps:\/\/jachtexamen.be\/course\/proefles\/\u00a0\u00bb][\/vc_column_inner][\/vc_row_inner][\/vc_column][\/vc_row][vc_row type=\u00a0\u00bbin_container\u00a0\u00bb full_screen_row_position=\u00a0\u00bbmiddle\u00a0\u00bb column_margin=\u00a0\u00bbdefault\u00a0\u00bb scene_position=\u00a0\u00bbcenter\u00a0\u00bb text_color=\u00a0\u00bbdark\u00a0\u00bb text_align=\u00a0\u00bbleft\u00a0\u00bb top_padding=\u00a0\u00bb6%\u00a0\u00bb color_overlay=\u00a0\u00bb#03472a\u00a0\u00bb overlay_strength=\u00a0\u00bb1&Prime; enable_shape_divider=\u00a0\u00bbtrue\u00a0\u00bb shape_divider_position=\u00a0\u00bbtop\u00a0\u00bb shape_divider_height=\u00a0\u00bb80&Prime; bg_image_animation=\u00a0\u00bbnone\u00a0\u00bb shape_type=\u00a0\u00bbtilt_alt\u00a0\u00bb][vc_column column_padding=\u00a0\u00bbno-extra-padding\u00a0\u00bb column_padding_position=\u00a0\u00bball\u00a0\u00bb background_color_opacity=\u00a0\u00bb1&Prime; background_hover_color_opacity=\u00a0\u00bb1&Prime; column_link_target=\u00a0\u00bb_self\u00a0\u00bb column_shadow=\u00a0\u00bbnone\u00a0\u00bb column_border_radius=\u00a0\u00bbnone\u00a0\u00bb width=\u00a0\u00bb1\/1&Prime; tablet_width_inherit=\u00a0\u00bbdefault\u00a0\u00bb tablet_text_alignment=\u00a0\u00bbdefault\u00a0\u00bb phone_text_alignment=\u00a0\u00bbdefault\u00a0\u00bb overlay_strength=\u00a0\u00bb0.3&Prime; column_border_width=\u00a0\u00bbnone\u00a0\u00bb column_border_style=\u00a0\u00bbsolid\u00a0\u00bb bg_image_animation=\u00a0\u00bbnone\u00a0\u00bb][\/vc_column][\/vc_row]\n","protected":false},"excerpt":{"rendered":"<p>[vc_row type=\u00a0\u00bbfull_width_background\u00a0\u00bb full_screen_row_position=\u00a0\u00bbmiddle\u00a0\u00bb equal_height=\u00a0\u00bbyes\u00a0\u00bb column_margin=\u00a0\u00bbdefault\u00a0\u00bb bg_image=\u00a0\u00bb41534&Prime; bg_position=\u00a0\u00bbcenter top\u00a0\u00bb bg_repeat=\u00a0\u00bbno-repeat\u00a0\u00bb scene_position=\u00a0\u00bbcenter\u00a0\u00bb text_color=\u00a0\u00bbdark\u00a0\u00bb text_align=\u00a0\u00bbleft\u00a0\u00bb top_padding=\u00a0\u00bb12%\u00a0\u00bb bottom_padding=\u00a0\u00bb13%\u00a0\u00bb class=\u00a0\u00bbtxt-white\u00a0\u00bb enable_gradient=\u00a0\u00bbtrue\u00a0\u00bb color_overlay=\u00a0\u00bbrgba(3,71,42,0.5)\u00a0\u00bb color_overlay_2=\u00a0\u00bbrgba(3,71,42,0.6)\u00a0\u00bb gradient_direction=\u00a0\u00bbleft_to_right\u00a0\u00bb overlay_strength=\u00a0\u00bb0.5&Prime; enable_shape_divider=\u00a0\u00bbtrue\u00a0\u00bb shape_divider_position=\u00a0\u00bbbottom\u00a0\u00bb shape_divider_height=\u00a0\u00bb75&Prime; bg_image_animation=\u00a0\u00bbfade-in\u00a0\u00bb parallax_bg=\u00a0\u00bbtrue\u00a0\u00bb&#8230;<\/p>\n","protected":false},"author":1,"featured_media":0,"parent":48617,"menu_order":0,"comment_status":"closed","ping_status":"closed","template":"","meta":{"footnotes":""},"class_list":["post-48704","page","type-page","status-publish"],"yoast_head":"<!-- This site is optimized with the Yoast SEO plugin v27.4 - https:\/\/yoast.com\/product\/yoast-seo-wordpress\/ -->\n<title>Perdrix - Hunting<\/title>\n<meta name=\"robots\" content=\"index, follow, max-snippet:-1, max-image-preview:large, max-video-preview:-1\" \/>\n<link rel=\"canonical\" href=\"https:\/\/hunting.be\/fr\/gibier-et-chiens\/petit-gibier\/perdrix\/\" \/>\n<meta property=\"og:locale\" content=\"fr_FR\" \/>\n<meta property=\"og:type\" content=\"article\" \/>\n<meta property=\"og:title\" content=\"Perdrix - Hunting\" \/>\n<meta property=\"og:description\" content=\"[vc_row type=\u00a0\u00bbfull_width_background\u00a0\u00bb full_screen_row_position=\u00a0\u00bbmiddle\u00a0\u00bb equal_height=\u00a0\u00bbyes\u00a0\u00bb column_margin=\u00a0\u00bbdefault\u00a0\u00bb bg_image=\u00a0\u00bb41534&Prime; bg_position=\u00a0\u00bbcenter top\u00a0\u00bb bg_repeat=\u00a0\u00bbno-repeat\u00a0\u00bb scene_position=\u00a0\u00bbcenter\u00a0\u00bb text_color=\u00a0\u00bbdark\u00a0\u00bb text_align=\u00a0\u00bbleft\u00a0\u00bb top_padding=\u00a0\u00bb12%\u00a0\u00bb bottom_padding=\u00a0\u00bb13%\u00a0\u00bb class=\u00a0\u00bbtxt-white\u00a0\u00bb enable_gradient=\u00a0\u00bbtrue\u00a0\u00bb color_overlay=\u00a0\u00bbrgba(3,71,42,0.5)\u00a0\u00bb color_overlay_2=\u00a0\u00bbrgba(3,71,42,0.6)\u00a0\u00bb gradient_direction=\u00a0\u00bbleft_to_right\u00a0\u00bb overlay_strength=\u00a0\u00bb0.5&Prime; enable_shape_divider=\u00a0\u00bbtrue\u00a0\u00bb shape_divider_position=\u00a0\u00bbbottom\u00a0\u00bb shape_divider_height=\u00a0\u00bb75&Prime; bg_image_animation=\u00a0\u00bbfade-in\u00a0\u00bb parallax_bg=\u00a0\u00bbtrue\u00a0\u00bb...\" \/>\n<meta property=\"og:url\" content=\"https:\/\/hunting.be\/fr\/gibier-et-chiens\/petit-gibier\/perdrix\/\" \/>\n<meta property=\"og:site_name\" content=\"Hunting\" \/>\n<meta property=\"article:modified_time\" content=\"2025-11-12T14:53:07+00:00\" \/>\n<meta name=\"twitter:card\" content=\"summary_large_image\" \/>\n<meta name=\"twitter:label1\" content=\"Dur\u00e9e de lecture estim\u00e9e\" \/>\n\t<meta name=\"twitter:data1\" content=\"8 minutes\" \/>\n<script type=\"application\/ld+json\" class=\"yoast-schema-graph\">{\"@context\":\"https:\\\/\\\/schema.org\",\"@graph\":[{\"@type\":\"WebPage\",\"@id\":\"https:\\\/\\\/hunting.be\\\/fr\\\/gibier-et-chiens\\\/petit-gibier\\\/perdrix\\\/\",\"url\":\"https:\\\/\\\/hunting.be\\\/fr\\\/gibier-et-chiens\\\/petit-gibier\\\/perdrix\\\/\",\"name\":\"Perdrix - Hunting\",\"isPartOf\":{\"@id\":\"https:\\\/\\\/hunting.be\\\/fr\\\/#website\"},\"datePublished\":\"2020-02-18T15:56:44+00:00\",\"dateModified\":\"2025-11-12T14:53:07+00:00\",\"breadcrumb\":{\"@id\":\"https:\\\/\\\/hunting.be\\\/fr\\\/gibier-et-chiens\\\/petit-gibier\\\/perdrix\\\/#breadcrumb\"},\"inLanguage\":\"fr-FR\",\"potentialAction\":[{\"@type\":\"ReadAction\",\"target\":[\"https:\\\/\\\/hunting.be\\\/fr\\\/gibier-et-chiens\\\/petit-gibier\\\/perdrix\\\/\"]}]},{\"@type\":\"BreadcrumbList\",\"@id\":\"https:\\\/\\\/hunting.be\\\/fr\\\/gibier-et-chiens\\\/petit-gibier\\\/perdrix\\\/#breadcrumb\",\"itemListElement\":[{\"@type\":\"ListItem\",\"position\":1,\"name\":\"Home\",\"item\":\"https:\\\/\\\/hunting.be\\\/fr\\\/\"},{\"@type\":\"ListItem\",\"position\":2,\"name\":\"Gibier et chiens\",\"item\":\"https:\\\/\\\/hunting.be\\\/fr\\\/gibier-et-chiens\\\/\"},{\"@type\":\"ListItem\",\"position\":3,\"name\":\"Petit gibier\",\"item\":\"https:\\\/\\\/hunting.be\\\/fr\\\/gibier-et-chiens\\\/petit-gibier\\\/\"},{\"@type\":\"ListItem\",\"position\":4,\"name\":\"Perdrix\"}]},{\"@type\":\"WebSite\",\"@id\":\"https:\\\/\\\/hunting.be\\\/fr\\\/#website\",\"url\":\"https:\\\/\\\/hunting.be\\\/fr\\\/\",\"name\":\"Hunting\",\"description\":\"Referentie voor jacht in Belgi\u00eb\",\"potentialAction\":[{\"@type\":\"SearchAction\",\"target\":{\"@type\":\"EntryPoint\",\"urlTemplate\":\"https:\\\/\\\/hunting.be\\\/fr\\\/?s={search_term_string}\"},\"query-input\":{\"@type\":\"PropertyValueSpecification\",\"valueRequired\":true,\"valueName\":\"search_term_string\"}}],\"inLanguage\":\"fr-FR\"}]}<\/script>\n<!-- \/ Yoast SEO plugin. -->","yoast_head_json":{"title":"Perdrix - Hunting","robots":{"index":"index","follow":"follow","max-snippet":"max-snippet:-1","max-image-preview":"max-image-preview:large","max-video-preview":"max-video-preview:-1"},"canonical":"https:\/\/hunting.be\/fr\/gibier-et-chiens\/petit-gibier\/perdrix\/","og_locale":"fr_FR","og_type":"article","og_title":"Perdrix - Hunting","og_description":"[vc_row type=\u00a0\u00bbfull_width_background\u00a0\u00bb full_screen_row_position=\u00a0\u00bbmiddle\u00a0\u00bb equal_height=\u00a0\u00bbyes\u00a0\u00bb column_margin=\u00a0\u00bbdefault\u00a0\u00bb bg_image=\u00a0\u00bb41534&Prime; bg_position=\u00a0\u00bbcenter top\u00a0\u00bb bg_repeat=\u00a0\u00bbno-repeat\u00a0\u00bb scene_position=\u00a0\u00bbcenter\u00a0\u00bb text_color=\u00a0\u00bbdark\u00a0\u00bb text_align=\u00a0\u00bbleft\u00a0\u00bb top_padding=\u00a0\u00bb12%\u00a0\u00bb bottom_padding=\u00a0\u00bb13%\u00a0\u00bb class=\u00a0\u00bbtxt-white\u00a0\u00bb enable_gradient=\u00a0\u00bbtrue\u00a0\u00bb color_overlay=\u00a0\u00bbrgba(3,71,42,0.5)\u00a0\u00bb color_overlay_2=\u00a0\u00bbrgba(3,71,42,0.6)\u00a0\u00bb gradient_direction=\u00a0\u00bbleft_to_right\u00a0\u00bb overlay_strength=\u00a0\u00bb0.5&Prime; enable_shape_divider=\u00a0\u00bbtrue\u00a0\u00bb shape_divider_position=\u00a0\u00bbbottom\u00a0\u00bb shape_divider_height=\u00a0\u00bb75&Prime; bg_image_animation=\u00a0\u00bbfade-in\u00a0\u00bb parallax_bg=\u00a0\u00bbtrue\u00a0\u00bb...","og_url":"https:\/\/hunting.be\/fr\/gibier-et-chiens\/petit-gibier\/perdrix\/","og_site_name":"Hunting","article_modified_time":"2025-11-12T14:53:07+00:00","twitter_card":"summary_large_image","twitter_misc":{"Dur\u00e9e de lecture estim\u00e9e":"8 minutes"},"schema":{"@context":"https:\/\/schema.org","@graph":[{"@type":"WebPage","@id":"https:\/\/hunting.be\/fr\/gibier-et-chiens\/petit-gibier\/perdrix\/","url":"https:\/\/hunting.be\/fr\/gibier-et-chiens\/petit-gibier\/perdrix\/","name":"Perdrix - Hunting","isPartOf":{"@id":"https:\/\/hunting.be\/fr\/#website"},"datePublished":"2020-02-18T15:56:44+00:00","dateModified":"2025-11-12T14:53:07+00:00","breadcrumb":{"@id":"https:\/\/hunting.be\/fr\/gibier-et-chiens\/petit-gibier\/perdrix\/#breadcrumb"},"inLanguage":"fr-FR","potentialAction":[{"@type":"ReadAction","target":["https:\/\/hunting.be\/fr\/gibier-et-chiens\/petit-gibier\/perdrix\/"]}]},{"@type":"BreadcrumbList","@id":"https:\/\/hunting.be\/fr\/gibier-et-chiens\/petit-gibier\/perdrix\/#breadcrumb","itemListElement":[{"@type":"ListItem","position":1,"name":"Home","item":"https:\/\/hunting.be\/fr\/"},{"@type":"ListItem","position":2,"name":"Gibier et chiens","item":"https:\/\/hunting.be\/fr\/gibier-et-chiens\/"},{"@type":"ListItem","position":3,"name":"Petit gibier","item":"https:\/\/hunting.be\/fr\/gibier-et-chiens\/petit-gibier\/"},{"@type":"ListItem","position":4,"name":"Perdrix"}]},{"@type":"WebSite","@id":"https:\/\/hunting.be\/fr\/#website","url":"https:\/\/hunting.be\/fr\/","name":"Hunting","description":"Referentie voor jacht in Belgi\u00eb","potentialAction":[{"@type":"SearchAction","target":{"@type":"EntryPoint","urlTemplate":"https:\/\/hunting.be\/fr\/?s={search_term_string}"},"query-input":{"@type":"PropertyValueSpecification","valueRequired":true,"valueName":"search_term_string"}}],"inLanguage":"fr-FR"}]}},"_links":{"self":[{"href":"https:\/\/hunting.be\/fr\/wp-json\/wp\/v2\/pages\/48704","targetHints":{"allow":["GET"]}}],"collection":[{"href":"https:\/\/hunting.be\/fr\/wp-json\/wp\/v2\/pages"}],"about":[{"href":"https:\/\/hunting.be\/fr\/wp-json\/wp\/v2\/types\/page"}],"author":[{"embeddable":true,"href":"https:\/\/hunting.be\/fr\/wp-json\/wp\/v2\/users\/1"}],"replies":[{"embeddable":true,"href":"https:\/\/hunting.be\/fr\/wp-json\/wp\/v2\/comments?post=48704"}],"version-history":[{"count":1,"href":"https:\/\/hunting.be\/fr\/wp-json\/wp\/v2\/pages\/48704\/revisions"}],"predecessor-version":[{"id":48715,"href":"https:\/\/hunting.be\/fr\/wp-json\/wp\/v2\/pages\/48704\/revisions\/48715"}],"up":[{"embeddable":true,"href":"https:\/\/hunting.be\/fr\/wp-json\/wp\/v2\/pages\/48617"}],"wp:attachment":[{"href":"https:\/\/hunting.be\/fr\/wp-json\/wp\/v2\/media?parent=48704"}],"curies":[{"name":"wp","href":"https:\/\/api.w.org\/{rel}","templated":true}]}}