{"id":48599,"date":"2020-02-19T09:31:06","date_gmt":"2020-02-19T09:31:06","guid":{"rendered":"https:\/\/hunting.be\/tete-de-fleche\/"},"modified":"2025-11-12T14:53:39","modified_gmt":"2025-11-12T14:53:39","slug":"tete-de-fleche","status":"publish","type":"page","link":"https:\/\/hunting.be\/fr\/gibier-et-chiens\/jeu-de-leau\/tete-de-fleche\/","title":{"rendered":"T\u00eate de fl\u00e8che"},"content":{"rendered":"[vc_row type=\u00a0\u00bbfull_width_background\u00a0\u00bb full_screen_row_position=\u00a0\u00bbmiddle\u00a0\u00bb equal_height=\u00a0\u00bbyes\u00a0\u00bb column_margin=\u00a0\u00bbdefault\u00a0\u00bb bg_image=\u00a0\u00bb7705&Prime; bg_position=\u00a0\u00bbcenter center\u00a0\u00bb bg_repeat=\u00a0\u00bbno-repeat\u00a0\u00bb scene_position=\u00a0\u00bbcenter\u00a0\u00bb text_color=\u00a0\u00bbdark\u00a0\u00bb text_align=\u00a0\u00bbleft\u00a0\u00bb top_padding=\u00a0\u00bb12%\u00a0\u00bb bottom_padding=\u00a0\u00bb13%\u00a0\u00bb class=\u00a0\u00bbtxt-white\u00a0\u00bb enable_gradient=\u00a0\u00bbtrue\u00a0\u00bb color_overlay=\u00a0\u00bbrgba(3,71,42,0.5)\u00a0\u00bb color_overlay_2=\u00a0\u00bbrgba(3,71,42,0.6)\u00a0\u00bb gradient_direction=\u00a0\u00bbleft_to_right\u00a0\u00bb overlay_strength=\u00a0\u00bb0.5&Prime; enable_shape_divider=\u00a0\u00bbtrue\u00a0\u00bb shape_divider_position=\u00a0\u00bbbottom\u00a0\u00bb shape_divider_height=\u00a0\u00bb75&Prime; bg_image_animation=\u00a0\u00bbfade-in\u00a0\u00bb parallax_bg=\u00a0\u00bbtrue\u00a0\u00bb parallax_bg_speed=\u00a0\u00bbslow\u00a0\u00bb shape_type=\u00a0\u00bbtriangle\u00a0\u00bb][vc_column centered_text=\u00a0\u00bbtrue\u00a0\u00bb column_padding=\u00a0\u00bbno-extra-padding\u00a0\u00bb column_padding_position=\u00a0\u00bball\u00a0\u00bb background_color_opacity=\u00a0\u00bb1&Prime; background_hover_color_opacity=\u00a0\u00bb1&Prime; column_link_target=\u00a0\u00bb_self\u00a0\u00bb column_shadow=\u00a0\u00bbnone\u00a0\u00bb column_border_radius=\u00a0\u00bbnone\u00a0\u00bb width=\u00a0\u00bb1\/1&Prime; tablet_width_inherit=\u00a0\u00bbdefault\u00a0\u00bb tablet_text_alignment=\u00a0\u00bbdefault\u00a0\u00bb phone_text_alignment=\u00a0\u00bbdefault\u00a0\u00bb overlay_strength=\u00a0\u00bb0.3&Prime; column_border_width=\u00a0\u00bbnone\u00a0\u00bb column_border_style=\u00a0\u00bbsolid\u00a0\u00bb bg_image_animation=\u00a0\u00bbnone\u00a0\u00bb][split_line_heading animation_type=\u00a0\u00bbdefault\u00a0\u00bb]\n<h2>Faune aquatique \u2013 queue de fl\u00e8che<\/h2>\n[\/split_line_heading][nectar_animated_title heading_tag=\u00a0\u00bbh3&Prime; style=\u00a0\u00bbcolor-strip-reveal\u00a0\u00bb color=\u00a0\u00bbAccent-Color\u00a0\u00bb text=\u00a0\u00bbTout sur le pilet.\u00a0\u00bb][\/vc_column][\/vc_row][vc_row type=\u00a0\u00bbin_container\u00a0\u00bb full_screen_row_position=\u00a0\u00bbmiddle\u00a0\u00bb column_margin=\u00a0\u00bbdefault\u00a0\u00bb scene_position=\u00a0\u00bbcenter\u00a0\u00bb text_color=\u00a0\u00bbdark\u00a0\u00bb text_align=\u00a0\u00bbleft\u00a0\u00bb overlay_strength=\u00a0\u00bb0.3&Prime; shape_divider_position=\u00a0\u00bbbottom\u00a0\u00bb bg_image_animation=\u00a0\u00bbnone\u00a0\u00bb][vc_column column_padding=\u00a0\u00bbno-extra-padding\u00a0\u00bb column_padding_position=\u00a0\u00bball\u00a0\u00bb background_color_opacity=\u00a0\u00bb1&Prime; background_hover_color_opacity=\u00a0\u00bb1&Prime; column_link_target=\u00a0\u00bb_self\u00a0\u00bb column_shadow=\u00a0\u00bbnone\u00a0\u00bb column_border_radius=\u00a0\u00bbnone\u00a0\u00bb width=\u00a0\u00bb1\/1&Prime; tablet_width_inherit=\u00a0\u00bbdefault\u00a0\u00bb tablet_text_alignment=\u00a0\u00bbdefault\u00a0\u00bb phone_text_alignment=\u00a0\u00bbdefault\u00a0\u00bb overlay_strength=\u00a0\u00bb0.3&Prime; column_border_width=\u00a0\u00bbnone\u00a0\u00bb column_border_style=\u00a0\u00bbsolid\u00a0\u00bb bg_image_animation=\u00a0\u00bbnone\u00a0\u00bb][divider line_type=\u00a0\u00bbNo Line\u00a0\u00bb custom_height=\u00a0\u00bb50&Prime;][split_line_heading animation_type=\u00a0\u00bbdefault\u00a0\u00bb]\n<h2>T\u00eate de fl\u00e8che<\/h2>\n[\/split_line_heading][\/vc_column][\/vc_row][vc_row type=\u00a0\u00bbin_container\u00a0\u00bb full_screen_row_position=\u00a0\u00bbmiddle\u00a0\u00bb column_margin=\u00a0\u00bb90px\u00a0\u00bb scene_position=\u00a0\u00bbcenter\u00a0\u00bb text_color=\u00a0\u00bbdark\u00a0\u00bb text_align=\u00a0\u00bbleft\u00a0\u00bb overlay_strength=\u00a0\u00bb0.3&Prime; shape_divider_position=\u00a0\u00bbbottom\u00a0\u00bb bg_image_animation=\u00a0\u00bbnone\u00a0\u00bb shape_type=\u00a0\u00bb\u00a0\u00bb][vc_column column_padding=\u00a0\u00bbno-extra-padding\u00a0\u00bb column_padding_position=\u00a0\u00bball\u00a0\u00bb background_color_opacity=\u00a0\u00bb1&Prime; background_hover_color_opacity=\u00a0\u00bb1&Prime; column_link_target=\u00a0\u00bb_self\u00a0\u00bb column_shadow=\u00a0\u00bbnone\u00a0\u00bb column_border_radius=\u00a0\u00bbnone\u00a0\u00bb width=\u00a0\u00bb2\/3&Prime; tablet_width_inherit=\u00a0\u00bbdefault\u00a0\u00bb tablet_text_alignment=\u00a0\u00bbdefault\u00a0\u00bb phone_text_alignment=\u00a0\u00bbdefault\u00a0\u00bb overlay_strength=\u00a0\u00bb0.3&Prime; column_border_width=\u00a0\u00bbnone\u00a0\u00bb column_border_style=\u00a0\u00bbsolid\u00a0\u00bb bg_image_animation=\u00a0\u00bbnone\u00a0\u00bb][split_line_heading animation_type=\u00a0\u00bbdefault\u00a0\u00bb]\n<h5>Classe : aves<\/h5>\n<h5>Ordre : ans\u00e9riformes<\/h5>\n<h5>Famille : anitidae<\/h5>\n<h5>Genre : anatinae<\/h5>\n<h5>Esp\u00e8ce : anas acuta<\/h5>\n[\/split_line_heading][vc_column_text]Le canard pilet est le seul canard terrestre \u00e0 avoir une queue pointue distincte qui se d\u00e9tache instantan\u00e9ment comme une fl\u00e8che ou une lance en plein vol. Chez le putois, elle est beaucoup plus longue que chez le canard. Il a un cou mince et est le canard terrestre le plus mince. Les deux ne sont pas si visibles en raison de leur coloration plus ou moins tachet\u00e9e de gris. La s\u00e9paration entre le brun chocolat de la t\u00eate et du cou et le blanc de la gorge, du cou et de la poitrine est tr\u00e8s finement marqu\u00e9e. Le vol est tr\u00e8s rapide et g\u00e9n\u00e9ralement tr\u00e8s haut. L&rsquo;oiseau est timide et saute imm\u00e9diatement.<x id=\"gid_0\"><\/x>Le pilet est un oiseau dispers\u00e9 en mer dans l&rsquo;h\u00e9misph\u00e8re nord et un oiseau nicheur commun dans certaines r\u00e9gions. Il se pose g\u00e9n\u00e9ralement dans des eaux peu profondes.[\/vc_column_text][\/vc_column][vc_column column_padding=\u00a0\u00bbno-extra-padding\u00a0\u00bb column_padding_position=\u00a0\u00bball\u00a0\u00bb background_color_opacity=\u00a0\u00bb1&Prime; background_hover_color_opacity=\u00a0\u00bb1&Prime; column_link_target=\u00a0\u00bb_self\u00a0\u00bb column_shadow=\u00a0\u00bbnone\u00a0\u00bb column_border_radius=\u00a0\u00bbnone\u00a0\u00bb width=\u00a0\u00bb1\/3&Prime; tablet_width_inherit=\u00a0\u00bbdefault\u00a0\u00bb tablet_text_alignment=\u00a0\u00bbdefault\u00a0\u00bb phone_text_alignment=\u00a0\u00bbdefault\u00a0\u00bb overlay_strength=\u00a0\u00bb0.3&Prime; column_border_width=\u00a0\u00bbnone\u00a0\u00bb column_border_style=\u00a0\u00bbsolid\u00a0\u00bb bg_image_animation=\u00a0\u00bbnone\u00a0\u00bb][vc_row_inner column_margin=\u00a0\u00bbdefault\u00a0\u00bb text_align=\u00a0\u00bbleft\u00a0\u00bb][vc_column_inner column_padding=\u00a0\u00bbno-extra-padding\u00a0\u00bb column_padding_position=\u00a0\u00bball\u00a0\u00bb background_color_opacity=\u00a0\u00bb1&Prime; background_hover_color_opacity=\u00a0\u00bb1&Prime; column_shadow=\u00a0\u00bbnone\u00a0\u00bb column_border_radius=\u00a0\u00bbnone\u00a0\u00bb column_link_target=\u00a0\u00bb_self\u00a0\u00bb width=\u00a0\u00bb1\/2&Prime; tablet_width_inherit=\u00a0\u00bbdefault\u00a0\u00bb overlay_strength=\u00a0\u00bb0.3&Prime; column_border_width=\u00a0\u00bbnone\u00a0\u00bb column_border_style=\u00a0\u00bbsolid\u00a0\u00bb bg_image_animation=\u00a0\u00bbnone\u00a0\u00bb]<div class=\"nectar-fancy-ul\" data-list-icon=\"dot\" data-animation=\"true\" data-animation-delay=\"200\" data-spacing=\"default\" data-alignment=\"left\"> \n<ul>\n<li><a href=\"https:\/\/hunting.be\/fr\/petit-gibier\/\">Petit gibier<\/a><\/li>\n<li><a href=\"https:\/\/hunting.be\/wild\/waterwild\/\">Jeu de l&rsquo;eau<\/a><\/li>\n<li><a href=\"https:\/\/hunting.be\/fr\/autre-jeu\/\">Autre jeu<\/a><\/li>\n<li><a href=\"https:\/\/hunting.be\/fr\/gros-gibier\/\">Gros gibier<\/a><\/li>\n<li><a href=\"https:\/\/hunting.be\/fr\/predateurs\/\">Pr\u00e9dateurs<\/a><\/li>\n<li><a href=\"https:\/\/hunting.be\/fr\/chiens\/\">Chiens<\/a><\/li>\n<li><a href=\"https:\/\/hunting.be\/fr\/speciaux-sauvages\/\">Sp\u00e9ciaux sauvages<\/a><\/li>\n<\/ul>\n <\/div>[\/vc_column_inner][vc_column_inner column_padding=\u00a0\u00bbno-extra-padding\u00a0\u00bb column_padding_position=\u00a0\u00bball\u00a0\u00bb background_color_opacity=\u00a0\u00bb1&Prime; background_hover_color_opacity=\u00a0\u00bb1&Prime; column_shadow=\u00a0\u00bbnone\u00a0\u00bb column_border_radius=\u00a0\u00bbnone\u00a0\u00bb column_link_target=\u00a0\u00bb_self\u00a0\u00bb width=\u00a0\u00bb1\/2&Prime; tablet_width_inherit=\u00a0\u00bbdefault\u00a0\u00bb overlay_strength=\u00a0\u00bb0.3&Prime; column_border_width=\u00a0\u00bbnone\u00a0\u00bb column_border_style=\u00a0\u00bbsolid\u00a0\u00bb bg_image_animation=\u00a0\u00bbnone\u00a0\u00bb][\/vc_column_inner][\/vc_row_inner][vc_row_inner column_margin=\u00a0\u00bbdefault\u00a0\u00bb text_align=\u00a0\u00bbleft\u00a0\u00bb][vc_column_inner column_padding=\u00a0\u00bbpadding-4-percent\u00a0\u00bb column_padding_position=\u00a0\u00bball\u00a0\u00bb background_color=\u00a0\u00bb#03472a\u00a0\u00bb background_color_opacity=\u00a0\u00bb1&Prime; background_hover_color_opacity=\u00a0\u00bb1&Prime; font_color=\u00a0\u00bb#ffffff\u00a0\u00bb column_shadow=\u00a0\u00bbnone\u00a0\u00bb column_border_radius=\u00a0\u00bbnone\u00a0\u00bb column_link_target=\u00a0\u00bb_self\u00a0\u00bb el_class=\u00a0\u00bbtxt-white\u00a0\u00bb width=\u00a0\u00bb1\/1&Prime; tablet_width_inherit=\u00a0\u00bbdefault\u00a0\u00bb overlay_strength=\u00a0\u00bb0.3&Prime; column_border_width=\u00a0\u00bbnone\u00a0\u00bb column_border_style=\u00a0\u00bbsolid\u00a0\u00bb bg_image_animation=\u00a0\u00bbnone\u00a0\u00bb][nectar_animated_title heading_tag=\u00a0\u00bbh6&Prime; style=\u00a0\u00bbcolor-strip-reveal\u00a0\u00bb color=\u00a0\u00bbAccent-Color\u00a0\u00bb text=\u00a0\u00bbPas encore de permis ?\u00a0\u00bb][divider line_type=\u00a0\u00bbNo Line\u00a0\u00bb custom_height=\u00a0\u00bb15&Prime;][vc_column_text css_animation=\u00a0\u00bbfadeIn\u00a0\u00bb]Jachtexamen.be est l&rsquo;environnement d&rsquo;apprentissage en ligne pour la chasse, la pr\u00e9paration optimale \u00e0 l&rsquo;examen.[\/vc_column_text][divider line_type=\u00a0\u00bbNo Line\u00a0\u00bb custom_height=\u00a0\u00bb50&Prime;][nectar_cta btn_style=\u00a0\u00bbsee-through\u00a0\u00bb heading_tag=\u00a0\u00bbh4&Prime; text_color=\u00a0\u00bb#ffffff\u00a0\u00bb button_color=\u00a0\u00bbdefault\u00a0\u00bb link_type=\u00a0\u00bbnew_tab\u00a0\u00bb alignment=\u00a0\u00bbleft\u00a0\u00bb display=\u00a0\u00bbblock\u00a0\u00bb link_text=\u00a0\u00bbCours d&#039;essai gratuit\u00a0\u00bb url=\u00a0\u00bbhttps:\/\/jachtexamen.be\/course\/proefles\/\u00a0\u00bb][\/vc_column_inner][\/vc_row_inner][\/vc_column][\/vc_row][vc_row type=\u00a0\u00bbin_container\u00a0\u00bb full_screen_row_position=\u00a0\u00bbmiddle\u00a0\u00bb column_margin=\u00a0\u00bbdefault\u00a0\u00bb scene_position=\u00a0\u00bbcenter\u00a0\u00bb text_color=\u00a0\u00bbdark\u00a0\u00bb text_align=\u00a0\u00bbleft\u00a0\u00bb overlay_strength=\u00a0\u00bb0.3&Prime; shape_divider_position=\u00a0\u00bbbottom\u00a0\u00bb bg_image_animation=\u00a0\u00bbnone\u00a0\u00bb][vc_column column_padding=\u00a0\u00bbno-extra-padding\u00a0\u00bb column_padding_position=\u00a0\u00bball\u00a0\u00bb background_color_opacity=\u00a0\u00bb1&Prime; background_hover_color_opacity=\u00a0\u00bb1&Prime; column_link_target=\u00a0\u00bb_self\u00a0\u00bb column_shadow=\u00a0\u00bbnone\u00a0\u00bb column_border_radius=\u00a0\u00bbnone\u00a0\u00bb width=\u00a0\u00bb1\/1&Prime; tablet_width_inherit=\u00a0\u00bbdefault\u00a0\u00bb tablet_text_alignment=\u00a0\u00bbdefault\u00a0\u00bb phone_text_alignment=\u00a0\u00bbdefault\u00a0\u00bb overlay_strength=\u00a0\u00bb0.3&Prime; column_border_width=\u00a0\u00bbnone\u00a0\u00bb column_border_style=\u00a0\u00bbsolid\u00a0\u00bb bg_image_animation=\u00a0\u00bbnone\u00a0\u00bb][divider line_type=\u00a0\u00bbNo Line\u00a0\u00bb custom_height=\u00a0\u00bb50&Prime;][\/vc_column][\/vc_row][vc_row type=\u00a0\u00bbin_container\u00a0\u00bb full_screen_row_position=\u00a0\u00bbmiddle\u00a0\u00bb column_margin=\u00a0\u00bbdefault\u00a0\u00bb scene_position=\u00a0\u00bbcenter\u00a0\u00bb text_color=\u00a0\u00bbdark\u00a0\u00bb text_align=\u00a0\u00bbleft\u00a0\u00bb top_padding=\u00a0\u00bb6%\u00a0\u00bb color_overlay=\u00a0\u00bb#03472a\u00a0\u00bb overlay_strength=\u00a0\u00bb1&Prime; enable_shape_divider=\u00a0\u00bbtrue\u00a0\u00bb shape_divider_position=\u00a0\u00bbtop\u00a0\u00bb shape_divider_height=\u00a0\u00bb80&Prime; bg_image_animation=\u00a0\u00bbnone\u00a0\u00bb shape_type=\u00a0\u00bbtilt_alt\u00a0\u00bb][vc_column column_padding=\u00a0\u00bbno-extra-padding\u00a0\u00bb column_padding_position=\u00a0\u00bball\u00a0\u00bb background_color_opacity=\u00a0\u00bb1&Prime; background_hover_color_opacity=\u00a0\u00bb1&Prime; column_link_target=\u00a0\u00bb_self\u00a0\u00bb column_shadow=\u00a0\u00bbnone\u00a0\u00bb column_border_radius=\u00a0\u00bbnone\u00a0\u00bb width=\u00a0\u00bb1\/1&Prime; tablet_width_inherit=\u00a0\u00bbdefault\u00a0\u00bb tablet_text_alignment=\u00a0\u00bbdefault\u00a0\u00bb phone_text_alignment=\u00a0\u00bbdefault\u00a0\u00bb overlay_strength=\u00a0\u00bb0.3&Prime; column_border_width=\u00a0\u00bbnone\u00a0\u00bb column_border_style=\u00a0\u00bbsolid\u00a0\u00bb bg_image_animation=\u00a0\u00bbnone\u00a0\u00bb][\/vc_column][\/vc_row]\n","protected":false},"excerpt":{"rendered":"<p>[vc_row type=\u00a0\u00bbfull_width_background\u00a0\u00bb full_screen_row_position=\u00a0\u00bbmiddle\u00a0\u00bb equal_height=\u00a0\u00bbyes\u00a0\u00bb column_margin=\u00a0\u00bbdefault\u00a0\u00bb bg_image=\u00a0\u00bb7705&Prime; bg_position=\u00a0\u00bbcenter center\u00a0\u00bb bg_repeat=\u00a0\u00bbno-repeat\u00a0\u00bb scene_position=\u00a0\u00bbcenter\u00a0\u00bb text_color=\u00a0\u00bbdark\u00a0\u00bb text_align=\u00a0\u00bbleft\u00a0\u00bb top_padding=\u00a0\u00bb12%\u00a0\u00bb bottom_padding=\u00a0\u00bb13%\u00a0\u00bb class=\u00a0\u00bbtxt-white\u00a0\u00bb enable_gradient=\u00a0\u00bbtrue\u00a0\u00bb color_overlay=\u00a0\u00bbrgba(3,71,42,0.5)\u00a0\u00bb color_overlay_2=\u00a0\u00bbrgba(3,71,42,0.6)\u00a0\u00bb gradient_direction=\u00a0\u00bbleft_to_right\u00a0\u00bb overlay_strength=\u00a0\u00bb0.5&Prime; enable_shape_divider=\u00a0\u00bbtrue\u00a0\u00bb shape_divider_position=\u00a0\u00bbbottom\u00a0\u00bb shape_divider_height=\u00a0\u00bb75&Prime; bg_image_animation=\u00a0\u00bbfade-in\u00a0\u00bb parallax_bg=\u00a0\u00bbtrue\u00a0\u00bb&#8230;<\/p>\n","protected":false},"author":1,"featured_media":0,"parent":48819,"menu_order":0,"comment_status":"closed","ping_status":"closed","template":"","meta":{"footnotes":""},"class_list":["post-48599","page","type-page","status-publish"],"yoast_head":"<!-- This site is optimized with the Yoast SEO plugin v27.5 - https:\/\/yoast.com\/product\/yoast-seo-wordpress\/ -->\n<title>T\u00eate de fl\u00e8che - Hunting<\/title>\n<meta name=\"robots\" content=\"index, follow, max-snippet:-1, max-image-preview:large, max-video-preview:-1\" \/>\n<link rel=\"canonical\" href=\"https:\/\/hunting.be\/fr\/gibier-et-chiens\/jeu-de-leau\/tete-de-fleche\/\" \/>\n<meta property=\"og:locale\" content=\"fr_FR\" \/>\n<meta property=\"og:type\" content=\"article\" \/>\n<meta property=\"og:title\" content=\"T\u00eate de fl\u00e8che - Hunting\" \/>\n<meta property=\"og:description\" content=\"[vc_row type=\u00a0\u00bbfull_width_background\u00a0\u00bb full_screen_row_position=\u00a0\u00bbmiddle\u00a0\u00bb equal_height=\u00a0\u00bbyes\u00a0\u00bb column_margin=\u00a0\u00bbdefault\u00a0\u00bb bg_image=\u00a0\u00bb7705&Prime; bg_position=\u00a0\u00bbcenter center\u00a0\u00bb bg_repeat=\u00a0\u00bbno-repeat\u00a0\u00bb scene_position=\u00a0\u00bbcenter\u00a0\u00bb text_color=\u00a0\u00bbdark\u00a0\u00bb text_align=\u00a0\u00bbleft\u00a0\u00bb top_padding=\u00a0\u00bb12%\u00a0\u00bb bottom_padding=\u00a0\u00bb13%\u00a0\u00bb class=\u00a0\u00bbtxt-white\u00a0\u00bb enable_gradient=\u00a0\u00bbtrue\u00a0\u00bb color_overlay=\u00a0\u00bbrgba(3,71,42,0.5)\u00a0\u00bb color_overlay_2=\u00a0\u00bbrgba(3,71,42,0.6)\u00a0\u00bb gradient_direction=\u00a0\u00bbleft_to_right\u00a0\u00bb overlay_strength=\u00a0\u00bb0.5&Prime; enable_shape_divider=\u00a0\u00bbtrue\u00a0\u00bb shape_divider_position=\u00a0\u00bbbottom\u00a0\u00bb shape_divider_height=\u00a0\u00bb75&Prime; bg_image_animation=\u00a0\u00bbfade-in\u00a0\u00bb parallax_bg=\u00a0\u00bbtrue\u00a0\u00bb...\" \/>\n<meta property=\"og:url\" content=\"https:\/\/hunting.be\/fr\/gibier-et-chiens\/jeu-de-leau\/tete-de-fleche\/\" \/>\n<meta property=\"og:site_name\" content=\"Hunting\" \/>\n<meta property=\"article:modified_time\" content=\"2025-11-12T14:53:39+00:00\" \/>\n<meta name=\"twitter:card\" content=\"summary_large_image\" \/>\n<meta name=\"twitter:label1\" content=\"Dur\u00e9e de lecture estim\u00e9e\" \/>\n\t<meta name=\"twitter:data1\" content=\"6 minutes\" \/>\n<script type=\"application\/ld+json\" class=\"yoast-schema-graph\">{\"@context\":\"https:\\\/\\\/schema.org\",\"@graph\":[{\"@type\":\"WebPage\",\"@id\":\"https:\\\/\\\/hunting.be\\\/fr\\\/gibier-et-chiens\\\/jeu-de-leau\\\/tete-de-fleche\\\/\",\"url\":\"https:\\\/\\\/hunting.be\\\/fr\\\/gibier-et-chiens\\\/jeu-de-leau\\\/tete-de-fleche\\\/\",\"name\":\"T\u00eate de fl\u00e8che - Hunting\",\"isPartOf\":{\"@id\":\"https:\\\/\\\/hunting.be\\\/fr\\\/#website\"},\"datePublished\":\"2020-02-19T09:31:06+00:00\",\"dateModified\":\"2025-11-12T14:53:39+00:00\",\"breadcrumb\":{\"@id\":\"https:\\\/\\\/hunting.be\\\/fr\\\/gibier-et-chiens\\\/jeu-de-leau\\\/tete-de-fleche\\\/#breadcrumb\"},\"inLanguage\":\"fr-FR\",\"potentialAction\":[{\"@type\":\"ReadAction\",\"target\":[\"https:\\\/\\\/hunting.be\\\/fr\\\/gibier-et-chiens\\\/jeu-de-leau\\\/tete-de-fleche\\\/\"]}]},{\"@type\":\"BreadcrumbList\",\"@id\":\"https:\\\/\\\/hunting.be\\\/fr\\\/gibier-et-chiens\\\/jeu-de-leau\\\/tete-de-fleche\\\/#breadcrumb\",\"itemListElement\":[{\"@type\":\"ListItem\",\"position\":1,\"name\":\"Home\",\"item\":\"https:\\\/\\\/hunting.be\\\/fr\\\/\"},{\"@type\":\"ListItem\",\"position\":2,\"name\":\"Gibier et chiens\",\"item\":\"https:\\\/\\\/hunting.be\\\/fr\\\/gibier-et-chiens\\\/\"},{\"@type\":\"ListItem\",\"position\":3,\"name\":\"Jeu de l&rsquo;eau\",\"item\":\"https:\\\/\\\/hunting.be\\\/fr\\\/gibier-et-chiens\\\/jeu-de-leau\\\/\"},{\"@type\":\"ListItem\",\"position\":4,\"name\":\"T\u00eate de fl\u00e8che\"}]},{\"@type\":\"WebSite\",\"@id\":\"https:\\\/\\\/hunting.be\\\/fr\\\/#website\",\"url\":\"https:\\\/\\\/hunting.be\\\/fr\\\/\",\"name\":\"Hunting\",\"description\":\"Referentie voor jacht in Belgi\u00eb\",\"potentialAction\":[{\"@type\":\"SearchAction\",\"target\":{\"@type\":\"EntryPoint\",\"urlTemplate\":\"https:\\\/\\\/hunting.be\\\/fr\\\/?s={search_term_string}\"},\"query-input\":{\"@type\":\"PropertyValueSpecification\",\"valueRequired\":true,\"valueName\":\"search_term_string\"}}],\"inLanguage\":\"fr-FR\"}]}<\/script>\n<!-- \/ Yoast SEO plugin. -->","yoast_head_json":{"title":"T\u00eate de fl\u00e8che - Hunting","robots":{"index":"index","follow":"follow","max-snippet":"max-snippet:-1","max-image-preview":"max-image-preview:large","max-video-preview":"max-video-preview:-1"},"canonical":"https:\/\/hunting.be\/fr\/gibier-et-chiens\/jeu-de-leau\/tete-de-fleche\/","og_locale":"fr_FR","og_type":"article","og_title":"T\u00eate de fl\u00e8che - Hunting","og_description":"[vc_row type=\u00a0\u00bbfull_width_background\u00a0\u00bb full_screen_row_position=\u00a0\u00bbmiddle\u00a0\u00bb equal_height=\u00a0\u00bbyes\u00a0\u00bb column_margin=\u00a0\u00bbdefault\u00a0\u00bb bg_image=\u00a0\u00bb7705&Prime; bg_position=\u00a0\u00bbcenter center\u00a0\u00bb bg_repeat=\u00a0\u00bbno-repeat\u00a0\u00bb scene_position=\u00a0\u00bbcenter\u00a0\u00bb text_color=\u00a0\u00bbdark\u00a0\u00bb text_align=\u00a0\u00bbleft\u00a0\u00bb top_padding=\u00a0\u00bb12%\u00a0\u00bb bottom_padding=\u00a0\u00bb13%\u00a0\u00bb class=\u00a0\u00bbtxt-white\u00a0\u00bb enable_gradient=\u00a0\u00bbtrue\u00a0\u00bb color_overlay=\u00a0\u00bbrgba(3,71,42,0.5)\u00a0\u00bb color_overlay_2=\u00a0\u00bbrgba(3,71,42,0.6)\u00a0\u00bb gradient_direction=\u00a0\u00bbleft_to_right\u00a0\u00bb overlay_strength=\u00a0\u00bb0.5&Prime; enable_shape_divider=\u00a0\u00bbtrue\u00a0\u00bb shape_divider_position=\u00a0\u00bbbottom\u00a0\u00bb shape_divider_height=\u00a0\u00bb75&Prime; bg_image_animation=\u00a0\u00bbfade-in\u00a0\u00bb parallax_bg=\u00a0\u00bbtrue\u00a0\u00bb...","og_url":"https:\/\/hunting.be\/fr\/gibier-et-chiens\/jeu-de-leau\/tete-de-fleche\/","og_site_name":"Hunting","article_modified_time":"2025-11-12T14:53:39+00:00","twitter_card":"summary_large_image","twitter_misc":{"Dur\u00e9e de lecture estim\u00e9e":"6 minutes"},"schema":{"@context":"https:\/\/schema.org","@graph":[{"@type":"WebPage","@id":"https:\/\/hunting.be\/fr\/gibier-et-chiens\/jeu-de-leau\/tete-de-fleche\/","url":"https:\/\/hunting.be\/fr\/gibier-et-chiens\/jeu-de-leau\/tete-de-fleche\/","name":"T\u00eate de fl\u00e8che - Hunting","isPartOf":{"@id":"https:\/\/hunting.be\/fr\/#website"},"datePublished":"2020-02-19T09:31:06+00:00","dateModified":"2025-11-12T14:53:39+00:00","breadcrumb":{"@id":"https:\/\/hunting.be\/fr\/gibier-et-chiens\/jeu-de-leau\/tete-de-fleche\/#breadcrumb"},"inLanguage":"fr-FR","potentialAction":[{"@type":"ReadAction","target":["https:\/\/hunting.be\/fr\/gibier-et-chiens\/jeu-de-leau\/tete-de-fleche\/"]}]},{"@type":"BreadcrumbList","@id":"https:\/\/hunting.be\/fr\/gibier-et-chiens\/jeu-de-leau\/tete-de-fleche\/#breadcrumb","itemListElement":[{"@type":"ListItem","position":1,"name":"Home","item":"https:\/\/hunting.be\/fr\/"},{"@type":"ListItem","position":2,"name":"Gibier et chiens","item":"https:\/\/hunting.be\/fr\/gibier-et-chiens\/"},{"@type":"ListItem","position":3,"name":"Jeu de l&rsquo;eau","item":"https:\/\/hunting.be\/fr\/gibier-et-chiens\/jeu-de-leau\/"},{"@type":"ListItem","position":4,"name":"T\u00eate de fl\u00e8che"}]},{"@type":"WebSite","@id":"https:\/\/hunting.be\/fr\/#website","url":"https:\/\/hunting.be\/fr\/","name":"Hunting","description":"Referentie voor jacht in Belgi\u00eb","potentialAction":[{"@type":"SearchAction","target":{"@type":"EntryPoint","urlTemplate":"https:\/\/hunting.be\/fr\/?s={search_term_string}"},"query-input":{"@type":"PropertyValueSpecification","valueRequired":true,"valueName":"search_term_string"}}],"inLanguage":"fr-FR"}]}},"_links":{"self":[{"href":"https:\/\/hunting.be\/fr\/wp-json\/wp\/v2\/pages\/48599","targetHints":{"allow":["GET"]}}],"collection":[{"href":"https:\/\/hunting.be\/fr\/wp-json\/wp\/v2\/pages"}],"about":[{"href":"https:\/\/hunting.be\/fr\/wp-json\/wp\/v2\/types\/page"}],"author":[{"embeddable":true,"href":"https:\/\/hunting.be\/fr\/wp-json\/wp\/v2\/users\/1"}],"replies":[{"embeddable":true,"href":"https:\/\/hunting.be\/fr\/wp-json\/wp\/v2\/comments?post=48599"}],"version-history":[{"count":1,"href":"https:\/\/hunting.be\/fr\/wp-json\/wp\/v2\/pages\/48599\/revisions"}],"predecessor-version":[{"id":48605,"href":"https:\/\/hunting.be\/fr\/wp-json\/wp\/v2\/pages\/48599\/revisions\/48605"}],"up":[{"embeddable":true,"href":"https:\/\/hunting.be\/fr\/wp-json\/wp\/v2\/pages\/48819"}],"wp:attachment":[{"href":"https:\/\/hunting.be\/fr\/wp-json\/wp\/v2\/media?parent=48599"}],"curies":[{"name":"wp","href":"https:\/\/api.w.org\/{rel}","templated":true}]}}